{"id":10906,"date":"2025-04-15T08:44:25","date_gmt":"2025-04-15T06:44:25","guid":{"rendered":"https:\/\/www.tovenco.se\/justering-og-k-faktorer\/"},"modified":"2025-06-19T07:33:50","modified_gmt":"2025-06-19T05:33:50","slug":"justering-og-k-faktorer","status":"publish","type":"page","link":"https:\/\/www.tovenco.se\/no\/kjokkenhetter\/justering-og-k-faktorer\/","title":{"rendered":"Justering og K-faktorer"},"content":{"rendered":"\n<section class=\"qt-section container-s\"><div class=\"qt-section__inner grid grid-col-1\">\n<div class=\"qt-container\">\n<h1 class=\"wp-block-heading\">Justering og K-faktorer<\/h1>\n\n\n\n<p>Her finner du nedlastbare ressurser for ulike aspekter av vifteeierskapet ditt. Trenger du hjelp med noe annet? <a href=\"https:\/\/www.tovenco.se\/kontakt\/\" data-type=\"page\" data-id=\"194\">Ta kontakt med oss<\/a>. <\/p>\n<\/div>\n<\/div><\/section>\n\n<section class=\"qt-section container-default\" id=\"montage-skotsel\"><div class=\"qt-section__inner grid grid-col-1\">\n<div class=\"qt-container\">\t<div class=\"documents-accordion\">\n\t\t\t<div class=\"accordion-item\">\n\t\t\t<div class=\"accordion-item__heading\">\n\t\t\t\t<p class=\"wp-block-heading is-style-heading-m\">Justering og forcering<\/p>\n\t\t\t\t<span class=\"accordion-item__icon\">\n\t\t\t\t\t<span class=\"accordion-icon__inner\">\n\t\t\t\t\t\t<img loading=\"lazy\" decoding=\"async\" src=\"https:\/\/www.tovenco.se\/wp-content\/themes\/q-theme-woo\/assets\/images\/icon-toggle-arrow.svg\" alt=\"Downward-facing arrow\" width=\"12\" height=\"12\">\n\t\t\t\t\t<\/span>\n\t\t\t\t<\/span>\n\t\t\t<\/div>\n\t\t\t<div class=\"accordion-item__content\">\n\t\t\t\t<div class=\"accordion-content__inner\">\n\t\t\t\t\t\t\t\t\t\t\t<ul class=\"document-list\">\n\t\t\t\t\t\t\t\t\t\t\t\t\t\t\t<li>\n\t\t\t\t\t\t\t\t\t<a href=\"https:\/\/www.tovenco.se\/wp-content\/uploads\/2025\/04\/Forcering_P_injust-till-kapor-tillverkade-efter-2019.pdf\" target=\"_blank\" rel=\"noopener noreferrer\" title=\"Forcering\/injustering till k\u00e5por tillverkade efter 2019\">\n\t\t\t\t\t\t\t\t\t\tForcering\/injustering till k\u00e5por tillverkade efter 2019\t\t\t\t\t\t\t\t\t<\/a>\n\t\t\t\t\t\t\t\t<\/li>\n\t\t\t\t\t\t\t\t\t\t\t\t\t\t\t<li>\n\t\t\t\t\t\t\t\t\t<a href=\"https:\/\/www.tovenco.se\/wp-content\/uploads\/2025\/04\/Forcering_P_total_-till-kapor-tillverkade-innan-2019.pdf\" target=\"_blank\" rel=\"noopener noreferrer\" title=\"Totaltryckfall, forcering till k\u00e5por tillverkade innan 2019\">\n\t\t\t\t\t\t\t\t\t\tTotaltryckfall, forcering till k\u00e5por tillverkade innan 2019\t\t\t\t\t\t\t\t\t<\/a>\n\t\t\t\t\t\t\t\t<\/li>\n\t\t\t\t\t\t\t\t\t\t\t\t\t\t\t<li>\n\t\t\t\t\t\t\t\t\t<a href=\"https:\/\/www.tovenco.se\/wp-content\/uploads\/2025\/04\/Grund_P_injustering-alla-spjallkapor.pdf\" target=\"_blank\" rel=\"noopener noreferrer\" title=\"Injustering, grundventilation f\u00f6r spj\u00e4llk\u00e5por\">\n\t\t\t\t\t\t\t\t\t\tInjustering, grundventilation f\u00f6r spj\u00e4llk\u00e5por\t\t\t\t\t\t\t\t\t<\/a>\n\t\t\t\t\t\t\t\t<\/li>\n\t\t\t\t\t\t\t\t\t\t\t\t\t<\/ul>\n\t\t\t\t\t\t\t\t\t<\/div>\n\t\t\t<\/div>\n\t\t<\/div>\n\t\t\t<\/div>\n\n\t<\/div>\n<\/div><\/section>\n\n<section class=\"qt-section container-m is-style-large-section-spacing\"><div class=\"qt-section__inner grid grid-col-2\">\n<div class=\"qt-container is-vertically-aligned-center\">\n<h2 class=\"wp-block-heading\">Vi er profesjonelle p\u00e5 kj\u00f8kkenhetter og hjelper deg med \u00e5 finne den rette.<\/h2>\n<\/div>\n\n\n\n<div class=\"qt-container is-vertically-aligned-center\">\n<p class=\"is-style-paragraph-l\">Book et m\u00f8te for \u00e5 diskutere dine behov.<\/p>\n\n\n\n<div class=\"wp-block-buttons is-layout-flex wp-block-buttons-is-layout-flex\">\n<div class=\"wp-block-button\"><a class=\"wp-block-button__link wp-element-button\" href=\"https:\/\/www.tovenco.se\/kontakt\/\">Kontakt oss p\u00e5<\/a><\/div>\n<\/div>\n<\/div>\n<\/div><\/section>\n","protected":false},"excerpt":{"rendered":"","protected":false},"author":1,"featured_media":0,"parent":10926,"menu_order":0,"comment_status":"closed","ping_status":"closed","template":"","meta":{"_acf_changed":false,"footnotes":""},"class_list":["post-10906","page","type-page","status-publish","hentry"],"acf":[],"_links":{"self":[{"href":"https:\/\/www.tovenco.se\/no\/wp-json\/wp\/v2\/pages\/10906","targetHints":{"allow":["GET"]}}],"collection":[{"href":"https:\/\/www.tovenco.se\/no\/wp-json\/wp\/v2\/pages"}],"about":[{"href":"https:\/\/www.tovenco.se\/no\/wp-json\/wp\/v2\/types\/page"}],"author":[{"embeddable":true,"href":"https:\/\/www.tovenco.se\/no\/wp-json\/wp\/v2\/users\/1"}],"replies":[{"embeddable":true,"href":"https:\/\/www.tovenco.se\/no\/wp-json\/wp\/v2\/comments?post=10906"}],"version-history":[{"count":1,"href":"https:\/\/www.tovenco.se\/no\/wp-json\/wp\/v2\/pages\/10906\/revisions"}],"predecessor-version":[{"id":10907,"href":"https:\/\/www.tovenco.se\/no\/wp-json\/wp\/v2\/pages\/10906\/revisions\/10907"}],"up":[{"embeddable":true,"href":"https:\/\/www.tovenco.se\/no\/wp-json\/wp\/v2\/pages\/10926"}],"wp:attachment":[{"href":"https:\/\/www.tovenco.se\/no\/wp-json\/wp\/v2\/media?parent=10906"}],"curies":[{"name":"wp","href":"https:\/\/api.w.org\/{rel}","templated":true}]}}