{"id":10903,"date":"2025-03-27T15:39:28","date_gmt":"2025-03-27T14:39:28","guid":{"rendered":"https:\/\/www.tovenco.se\/stort-kjokken\/bioreaktor\/"},"modified":"2025-06-19T07:33:40","modified_gmt":"2025-06-19T05:33:40","slug":"bioreaktor","status":"publish","type":"page","link":"https:\/\/www.tovenco.se\/no\/stort-kjokken\/bioreaktor\/","title":{"rendered":"Bioreaktor"},"content":{"rendered":"\n<section class=\"qt-section container-s\"><div class=\"qt-section__inner grid grid-col-1\">\n<div class=\"qt-container\">\n<h1 class=\"wp-block-heading\">Bio-rensing for storkj\u00f8kken<\/h1>\n\n\n\n<p>Biologisk rensing brukes til \u00e5 holde kanaler, hetter og filtre rene for fett.<\/p>\n\n\n\n<p>Biorening kan installeres som tilbeh\u00f8r til v\u00e5re kj\u00f8kkenhetter.<\/p>\n\n\n\n<div class=\"wp-block-buttons is-layout-flex wp-block-buttons-is-layout-flex\">\n<div class=\"wp-block-button is-style-button-only-text\"><a class=\"wp-block-button__link wp-element-button\" href=\"https:\/\/www.tovenco.se\/kontakt\/\">Vil du vite mer? Kontakt oss p\u00e5<\/a><\/div>\n<\/div>\n<\/div>\n\n\n\n<div class=\"qt-container\">\n<section class=\"qt-section container-s\"><div class=\"qt-section__inner grid grid-col-1\">\n<div class=\"qt-container\">\n<div class=\"wp-block-cover\"><span aria-hidden=\"true\" class=\"wp-block-cover__background has-background-dim-0 has-background-dim\"><\/span><img decoding=\"async\" class=\"wp-block-cover__image-background wp-image-745\" alt=\"M\u00f6rkbl\u00e5 och m\u00f6rkgr\u00f6n abstrakt bakgrundsbild\" src=\"https:\/\/www.tovenco.se\/wp-content\/uploads\/2025\/01\/splash-background-dark.jpg\" data-object-fit=\"cover\"\/><div class=\"wp-block-cover__inner-container is-layout-constrained wp-block-cover-is-layout-constrained\">\n<p class=\"has-text-align-left is-style-heading-l has-text-inverted-color has-text-color has-link-color wp-elements-e59614d8a1124d70d2bc18c8e159efb4\">Vil du vite mer om bioremediering?<\/p>\n\n\n\n<p class=\"is-style-paragraph-l has-text-inverted-color has-text-color has-link-color wp-elements-c7d95ca469ed7c65d5333d272218708a\">Bestill et m\u00f8te n\u00e5, s\u00e5 forteller vi deg mer.<\/p>\n\n\n\n<div class=\"wp-block-buttons is-layout-flex wp-block-buttons-is-layout-flex\">\n<div class=\"wp-block-button is-style-button-secondary\"><a class=\"wp-block-button__link wp-element-button\" href=\"https:\/\/www.tovenco.se\/kontakt\/\">Kontakt oss p\u00e5<\/a><\/div>\n<\/div>\n<\/div><\/div>\n<\/div>\n<\/div><\/section>\n<\/div>\n<\/div><\/section>\n","protected":false},"excerpt":{"rendered":"","protected":false},"author":1,"featured_media":0,"parent":10894,"menu_order":0,"comment_status":"closed","ping_status":"closed","template":"page-dark","meta":{"_acf_changed":false,"footnotes":""},"class_list":["post-10903","page","type-page","status-publish","hentry"],"acf":[],"_links":{"self":[{"href":"https:\/\/www.tovenco.se\/no\/wp-json\/wp\/v2\/pages\/10903","targetHints":{"allow":["GET"]}}],"collection":[{"href":"https:\/\/www.tovenco.se\/no\/wp-json\/wp\/v2\/pages"}],"about":[{"href":"https:\/\/www.tovenco.se\/no\/wp-json\/wp\/v2\/types\/page"}],"author":[{"embeddable":true,"href":"https:\/\/www.tovenco.se\/no\/wp-json\/wp\/v2\/users\/1"}],"replies":[{"embeddable":true,"href":"https:\/\/www.tovenco.se\/no\/wp-json\/wp\/v2\/comments?post=10903"}],"version-history":[{"count":1,"href":"https:\/\/www.tovenco.se\/no\/wp-json\/wp\/v2\/pages\/10903\/revisions"}],"predecessor-version":[{"id":10905,"href":"https:\/\/www.tovenco.se\/no\/wp-json\/wp\/v2\/pages\/10903\/revisions\/10905"}],"up":[{"embeddable":true,"href":"https:\/\/www.tovenco.se\/no\/wp-json\/wp\/v2\/pages\/10894"}],"wp:attachment":[{"href":"https:\/\/www.tovenco.se\/no\/wp-json\/wp\/v2\/media?parent=10903"}],"curies":[{"name":"wp","href":"https:\/\/api.w.org\/{rel}","templated":true}]}}