{"id":10897,"date":"2025-01-17T15:00:37","date_gmt":"2025-01-17T14:00:37","guid":{"rendered":"https:\/\/www.tovenco.se\/rett-til-oppsigelse\/"},"modified":"2025-06-19T07:33:49","modified_gmt":"2025-06-19T05:33:49","slug":"rett-til-oppsigelse","status":"publish","type":"page","link":"https:\/\/www.tovenco.se\/no\/stotte-og-tjenester\/rett-til-oppsigelse\/","title":{"rendered":"Rett til oppsigelse"},"content":{"rendered":"\n<section class=\"qt-section container-s\"><div class=\"qt-section__inner grid grid-col-1\">\n<div class=\"qt-container\">\n<h1 class=\"wp-block-heading\">Rett til oppsigelse<\/h1>\n\n\n\n<p>Ved kj\u00f8p av varer i Tovencos nettbutikk gjelder alltid 14 dagers angrerett i henhold til gjeldende forbrukervernlovgivning. Dette inneb\u00e6rer at kunden har rett til \u00e5 heve kj\u00f8pet ved \u00e5 gi beskjed til <a href=\"mailto:order@tovenco.se\">order@tovenco.se<\/a> innen 14 dager etter at kunden eller kundens representant har mottatt de bestilte varene (angrefrist).<\/p>\n\n\n\n<p>Angreretten gjelder ikke for varer som er tilvirket etter Kundens anvisninger eller som p\u00e5 annen m\u00e5te har f\u00e5tt en tydelig personlig utforming. Angreretten gjelder kun for varer som kan returneres i umontert, ubrukt og uskadet stand. Kunden er ansvarlig for returfrakt i tilfelle avbestilling. Returnerte varer m\u00e5 returneres i originalemballasjen. Ved retur har kunden det fulle ansvaret for at varene ankommer Tovenco i perfekt stand.<\/p>\n<\/div>\n<\/div><\/section>\n\n<section class=\"qt-section container-s\"><div class=\"qt-section__inner grid grid-col-1\">\n<div class=\"qt-container\">\n<div class=\"wp-block-cover is-light\"><span aria-hidden=\"true\" class=\"wp-block-cover__background has-background-dim-0 has-background-dim\"><\/span><img loading=\"lazy\" decoding=\"async\" width=\"1200\" height=\"884\" class=\"wp-block-cover__image-background wp-image-237\" alt=\"Ljusbl\u00e5 och ljusgr\u00f6n abstrakt bakgrundsbild\" src=\"https:\/\/www.tovenco.se\/wp-content\/uploads\/2025\/01\/splash-background.jpg\" data-object-fit=\"cover\" srcset=\"https:\/\/www.tovenco.se\/wp-content\/uploads\/2025\/01\/splash-background.jpg 1200w, https:\/\/www.tovenco.se\/wp-content\/uploads\/2025\/01\/splash-background-300x221.jpg 300w, https:\/\/www.tovenco.se\/wp-content\/uploads\/2025\/01\/splash-background-600x442.jpg 600w, https:\/\/www.tovenco.se\/wp-content\/uploads\/2025\/01\/splash-background-768x566.jpg 768w, https:\/\/www.tovenco.se\/wp-content\/uploads\/2025\/01\/splash-background-1024x754.jpg 1024w, https:\/\/www.tovenco.se\/wp-content\/uploads\/2025\/01\/splash-background-462x340.jpg 462w, https:\/\/www.tovenco.se\/wp-content\/uploads\/2025\/01\/splash-background-592x436.jpg 592w, https:\/\/www.tovenco.se\/wp-content\/uploads\/2025\/01\/splash-background-622x458.jpg 622w, https:\/\/www.tovenco.se\/wp-content\/uploads\/2025\/01\/splash-background-386x284.jpg 386w, https:\/\/www.tovenco.se\/wp-content\/uploads\/2025\/01\/splash-background-519x382.jpg 519w, https:\/\/www.tovenco.se\/wp-content\/uploads\/2025\/01\/splash-background-676x498.jpg 676w\" sizes=\"auto, (max-width: 1200px) 100vw, 1200px\" \/><div class=\"wp-block-cover__inner-container is-layout-constrained wp-block-cover-is-layout-constrained\">\n<p class=\"has-text-align-left is-style-heading-l\">Sveriges bredeste utvalg av kj\u00f8kkenhetter<\/p>\n\n\n\n<p class=\"is-style-paragraph-l has-text-secondary-color has-text-color has-link-color wp-elements-013cb77e1cd17f7e4e868693f324dabd\">Bestill en kj\u00f8kkenvifte som er skreddersydd for ditt kj\u00f8kken.<\/p>\n\n\n\n<div class=\"wp-block-buttons is-layout-flex wp-block-buttons-is-layout-flex\">\n<div class=\"wp-block-button is-style-fill\"><a class=\"wp-block-button__link wp-element-button\" href=\"https:\/\/www.tovenco.se\/produkter\/\">Se v\u00e5rt utvalg<\/a><\/div>\n<\/div>\n<\/div><\/div>\n<\/div>\n<\/div><\/section>\n","protected":false},"excerpt":{"rendered":"","protected":false},"author":1,"featured_media":0,"parent":10922,"menu_order":0,"comment_status":"closed","ping_status":"closed","template":"","meta":{"_acf_changed":false,"footnotes":""},"class_list":["post-10897","page","type-page","status-publish","hentry"],"acf":[],"_links":{"self":[{"href":"https:\/\/www.tovenco.se\/no\/wp-json\/wp\/v2\/pages\/10897","targetHints":{"allow":["GET"]}}],"collection":[{"href":"https:\/\/www.tovenco.se\/no\/wp-json\/wp\/v2\/pages"}],"about":[{"href":"https:\/\/www.tovenco.se\/no\/wp-json\/wp\/v2\/types\/page"}],"author":[{"embeddable":true,"href":"https:\/\/www.tovenco.se\/no\/wp-json\/wp\/v2\/users\/1"}],"replies":[{"embeddable":true,"href":"https:\/\/www.tovenco.se\/no\/wp-json\/wp\/v2\/comments?post=10897"}],"version-history":[{"count":1,"href":"https:\/\/www.tovenco.se\/no\/wp-json\/wp\/v2\/pages\/10897\/revisions"}],"predecessor-version":[{"id":10898,"href":"https:\/\/www.tovenco.se\/no\/wp-json\/wp\/v2\/pages\/10897\/revisions\/10898"}],"up":[{"embeddable":true,"href":"https:\/\/www.tovenco.se\/no\/wp-json\/wp\/v2\/pages\/10922"}],"wp:attachment":[{"href":"https:\/\/www.tovenco.se\/no\/wp-json\/wp\/v2\/media?parent=10897"}],"curies":[{"name":"wp","href":"https:\/\/api.w.org\/{rel}","templated":true}]}}