{"id":10890,"date":"2025-01-17T14:28:08","date_gmt":"2025-01-17T13:28:08","guid":{"rendered":"https:\/\/www.tovenco.se\/overflatebehandling\/"},"modified":"2025-06-19T07:33:34","modified_gmt":"2025-06-19T05:33:34","slug":"overflatebehandling","status":"publish","type":"page","link":"https:\/\/www.tovenco.se\/no\/overflatebehandling\/","title":{"rendered":"Overflatebehandling"},"content":{"rendered":"\n<section class=\"qt-section container-s\"><div class=\"qt-section__inner grid grid-col-1\">\n<div class=\"qt-container\">\n<h1 class=\"wp-block-heading\">Overflatebehandling<\/h1>\n\n\n\n<div class=\"wp-block-columns is-layout-flex wp-container-core-columns-is-layout-28f84493 wp-block-columns-is-layout-flex\">\n<div class=\"wp-block-column is-layout-flow wp-block-column-is-layout-flow\" style=\"flex-basis:100%\">\n<figure class=\"wp-block-image size-16-9-large\"><img loading=\"lazy\" decoding=\"async\" width=\"747\" height=\"498\" src=\"https:\/\/www.tovenco.se\/wp-content\/uploads\/2025\/03\/ytfinish-monsterpragling-747x498.jpg\" alt=\"\" class=\"wp-image-6051\" style=\"aspect-ratio:3\/2;object-fit:cover\" srcset=\"https:\/\/www.tovenco.se\/wp-content\/uploads\/2025\/03\/ytfinish-monsterpragling-747x498.jpg 747w, https:\/\/www.tovenco.se\/wp-content\/uploads\/2025\/03\/ytfinish-monsterpragling-600x400.jpg 600w, https:\/\/www.tovenco.se\/wp-content\/uploads\/2025\/03\/ytfinish-monsterpragling-1024x683.jpg 1024w, https:\/\/www.tovenco.se\/wp-content\/uploads\/2025\/03\/ytfinish-monsterpragling-300x200.jpg 300w, https:\/\/www.tovenco.se\/wp-content\/uploads\/2025\/03\/ytfinish-monsterpragling-768x512.jpg 768w, https:\/\/www.tovenco.se\/wp-content\/uploads\/2025\/03\/ytfinish-monsterpragling-462x308.jpg 462w, https:\/\/www.tovenco.se\/wp-content\/uploads\/2025\/03\/ytfinish-monsterpragling-592x395.jpg 592w, https:\/\/www.tovenco.se\/wp-content\/uploads\/2025\/03\/ytfinish-monsterpragling-622x415.jpg 622w, https:\/\/www.tovenco.se\/wp-content\/uploads\/2025\/03\/ytfinish-monsterpragling-426x284.jpg 426w, https:\/\/www.tovenco.se\/wp-content\/uploads\/2025\/03\/ytfinish-monsterpragling-573x382.jpg 573w, https:\/\/www.tovenco.se\/wp-content\/uploads\/2025\/03\/ytfinish-monsterpragling.jpg 1200w\" sizes=\"auto, (max-width: 747px) 100vw, 747px\" \/><figcaption><\/figcaption><\/figure>\n<\/div>\n<\/div>\n\n\n\n<p>For \u00e5 opprettholde en r\u00f8d tr\u00e5d gjennom hele designprosessen tilbyr vi hetter i rustfritt st\u00e5l med raffinerte overflatebehandlinger som best\u00e5r av 100 % metall og som varierer i farge, glans og overflatestruktur.<\/p>\n\n\n\n<p>Popul\u00e6re tilgjengelige farger inkluderer S\u00f8lv, gull (messing-look), rosagull (kobber-look), bronse og svart.<\/p>\n\n\n\n<p>Polert overflatefinish for rustfritt st\u00e5l til design- og arkitekturform\u00e5l, ved hjelp av en spredt helhetsvirkning (patinering) over materialets overflate. Det finnes ulike varianter av m\u00f8nsterpreging, kontakt oss for \u00e5 se hvilke preginger som er tilgjengelige.<\/p>\n\n\n\n<div class=\"wp-block-buttons is-layout-flex wp-block-buttons-is-layout-flex\">\n<div class=\"wp-block-button is-style-button-only-text\"><a class=\"wp-block-button__link wp-element-button\" href=\"https:\/\/www.tovenco.se\/kontakt\/\">Kontakt oss p\u00e5<\/a><\/div>\n<\/div>\n<\/div>\n<\/div><\/section>\n\n<section class=\"qt-section container-s\"><div class=\"qt-section__inner grid grid-col-1\">\n<div class=\"qt-container\">\n<div class=\"wp-block-cover is-light\"><span aria-hidden=\"true\" class=\"wp-block-cover__background has-background-dim-0 has-background-dim\"><\/span><img loading=\"lazy\" decoding=\"async\" width=\"1200\" height=\"884\" class=\"wp-block-cover__image-background wp-image-237\" alt=\"Ljusbl\u00e5 och ljusgr\u00f6n abstrakt bakgrundsbild\" src=\"https:\/\/www.tovenco.se\/wp-content\/uploads\/2025\/01\/splash-background.jpg\" data-object-fit=\"cover\" srcset=\"https:\/\/www.tovenco.se\/wp-content\/uploads\/2025\/01\/splash-background.jpg 1200w, https:\/\/www.tovenco.se\/wp-content\/uploads\/2025\/01\/splash-background-300x221.jpg 300w, https:\/\/www.tovenco.se\/wp-content\/uploads\/2025\/01\/splash-background-600x442.jpg 600w, https:\/\/www.tovenco.se\/wp-content\/uploads\/2025\/01\/splash-background-768x566.jpg 768w, https:\/\/www.tovenco.se\/wp-content\/uploads\/2025\/01\/splash-background-1024x754.jpg 1024w, https:\/\/www.tovenco.se\/wp-content\/uploads\/2025\/01\/splash-background-462x340.jpg 462w, https:\/\/www.tovenco.se\/wp-content\/uploads\/2025\/01\/splash-background-592x436.jpg 592w, https:\/\/www.tovenco.se\/wp-content\/uploads\/2025\/01\/splash-background-622x458.jpg 622w, https:\/\/www.tovenco.se\/wp-content\/uploads\/2025\/01\/splash-background-386x284.jpg 386w, https:\/\/www.tovenco.se\/wp-content\/uploads\/2025\/01\/splash-background-519x382.jpg 519w, https:\/\/www.tovenco.se\/wp-content\/uploads\/2025\/01\/splash-background-676x498.jpg 676w\" sizes=\"auto, (max-width: 1200px) 100vw, 1200px\" \/><div class=\"wp-block-cover__inner-container is-layout-constrained wp-block-cover-is-layout-constrained\">\n<p class=\"has-text-align-left is-style-heading-l\">Sveriges bredeste utvalg av kj\u00f8kkenhetter<\/p>\n\n\n\n<p class=\"is-style-paragraph-l has-text-secondary-color has-text-color has-link-color wp-elements-013cb77e1cd17f7e4e868693f324dabd\">Bestill en kj\u00f8kkenvifte som er skreddersydd for ditt kj\u00f8kken.<\/p>\n\n\n\n<div class=\"wp-block-buttons is-layout-flex wp-block-buttons-is-layout-flex\">\n<div class=\"wp-block-button is-style-fill\"><a class=\"wp-block-button__link wp-element-button\" href=\"https:\/\/www.tovenco.se\/produkter\/\">Se v\u00e5rt utvalg<\/a><\/div>\n<\/div>\n<\/div><\/div>\n<\/div>\n<\/div><\/section>\n","protected":false},"excerpt":{"rendered":"","protected":false},"author":1,"featured_media":0,"parent":0,"menu_order":0,"comment_status":"closed","ping_status":"closed","template":"","meta":{"_acf_changed":false,"footnotes":""},"class_list":["post-10890","page","type-page","status-publish","hentry"],"acf":[],"_links":{"self":[{"href":"https:\/\/www.tovenco.se\/no\/wp-json\/wp\/v2\/pages\/10890","targetHints":{"allow":["GET"]}}],"collection":[{"href":"https:\/\/www.tovenco.se\/no\/wp-json\/wp\/v2\/pages"}],"about":[{"href":"https:\/\/www.tovenco.se\/no\/wp-json\/wp\/v2\/types\/page"}],"author":[{"embeddable":true,"href":"https:\/\/www.tovenco.se\/no\/wp-json\/wp\/v2\/users\/1"}],"replies":[{"embeddable":true,"href":"https:\/\/www.tovenco.se\/no\/wp-json\/wp\/v2\/comments?post=10890"}],"version-history":[{"count":1,"href":"https:\/\/www.tovenco.se\/no\/wp-json\/wp\/v2\/pages\/10890\/revisions"}],"predecessor-version":[{"id":10892,"href":"https:\/\/www.tovenco.se\/no\/wp-json\/wp\/v2\/pages\/10890\/revisions\/10892"}],"wp:attachment":[{"href":"https:\/\/www.tovenco.se\/no\/wp-json\/wp\/v2\/media?parent=10890"}],"curies":[{"name":"wp","href":"https:\/\/api.w.org\/{rel}","templated":true}]}}