{"id":10888,"date":"2025-01-17T14:19:33","date_gmt":"2025-01-17T13:19:33","guid":{"rendered":"https:\/\/www.tovenco.se\/blogg\/"},"modified":"2025-06-19T10:58:24","modified_gmt":"2025-06-19T08:58:24","slug":"blogg-no","status":"publish","type":"page","link":"https:\/\/www.tovenco.se\/no\/blogg-no\/","title":{"rendered":"Blogg"},"content":{"rendered":"\n<section class=\"qt-section container-s\"><div class=\"qt-section__inner grid grid-col-1\">\n<div class=\"qt-container\">\n<h1 class=\"wp-block-heading\">Blogg<\/h1>\n\n\n\n<p>\u00c5 velge riktig kj\u00f8kkenvifte kan f\u00f8les overveldende med alle alternativene og faktorene du m\u00e5 ta hensyn til. I bloggen v\u00e5r guider vi deg gjennom prosessen &#8211; med nyttige tips, praktiske r\u00e5d og alt du trenger \u00e5 vite for \u00e5 finne en kj\u00f8kkenvifte som virkelig gj\u00f8r en forskjell i hjemmet ditt. <\/p>\n<\/div>\n<\/div><\/section>\n\n\n<section class=\"qt-section container-default blogposts\">\n\n\t\t<div class=\"qt-section__inner grid grid-col-4\">\n\t\t\n<div class=\"qt-container\">\n\t<a class=\"card card-blogpost\" href=\"https:\/\/www.tovenco.se\/no\/blogg\/utsikt-en-integrert-kjokkenvifte-i-komfyren\/\" title=\"Utsikt &#8211; En integrert kj\u00f8kkenvifte i komfyren\">\n\t\t<figure class=\"wp-block-image card-blogpost__image\">\n\t\t\t<img loading=\"lazy\" decoding=\"async\" width=\"1200\" height=\"675\" src=\"https:\/\/www.tovenco.se\/wp-content\/uploads\/2025\/03\/nyhet-produkt-view.jpg\" class=\"attachment-4-3-small size-4-3-small wp-post-image\" alt=\"K\u00f6ksfl\u00e4kt integrerad i spish\u00e4ll View\" \/>\t\t<figcaption><\/figcaption><\/figure>\n\t\t\n\t\t<div class=\"card-content\">\n\t\t\t<p class=\"card-blogpost__date\">13 mar, 2025<\/p>\n\t\t\t<p class=\"card-blogpost__title is-style-heading-s\">Utsikt &#8211; En integrert kj\u00f8kkenvifte i komfyren<\/p>\n\t\t<\/div>\n\t<\/a>\n<\/div>\n\n<div class=\"qt-container\">\n\t<a class=\"card card-blogpost\" href=\"https:\/\/www.tovenco.se\/no\/blogg\/hill-en-tilhenger-av-bade-tradisjon-og-modernitet\/\" title=\"Hill &#8211; En tilhenger av b\u00e5de tradisjon og modernitet\">\n\t\t<figure class=\"wp-block-image card-blogpost__image\">\n\t\t\t<img loading=\"lazy\" decoding=\"async\" width=\"1200\" height=\"675\" src=\"https:\/\/www.tovenco.se\/wp-content\/uploads\/2025\/03\/nyhet-produkt-hill.jpg\" class=\"attachment-4-3-small size-4-3-small wp-post-image\" alt=\"K\u00f6ksfl\u00e4kt Hill\" \/>\t\t<figcaption><\/figcaption><\/figure>\n\t\t\n\t\t<div class=\"card-content\">\n\t\t\t<p class=\"card-blogpost__date\">13 mar, 2025<\/p>\n\t\t\t<p class=\"card-blogpost__title is-style-heading-s\">Hill &#8211; En tilhenger av b\u00e5de tradisjon og modernitet<\/p>\n\t\t<\/div>\n\t<\/a>\n<\/div>\n\n<div class=\"qt-container\">\n\t<a class=\"card card-blogpost\" href=\"https:\/\/www.tovenco.se\/no\/blogg\/slik-rengjor-du-kjokkenviften-veiledning-for-fettfilter-og-kullfilter\/\" title=\"Slik rengj\u00f8r du kj\u00f8kkenviften &#8211; veiledning for fettfilter og kullfilter\">\n\t\t<figure class=\"wp-block-image card-blogpost__image\">\n\t\t\t<img loading=\"lazy\" decoding=\"async\" width=\"800\" height=\"1000\" src=\"https:\/\/www.tovenco.se\/wp-content\/uploads\/2018\/08\/bar-bq-miljo.jpg\" class=\"attachment-4-3-small size-4-3-small wp-post-image\" alt=\"\" \/>\t\t<figcaption><\/figcaption><\/figure>\n\t\t\n\t\t<div class=\"card-content\">\n\t\t\t<p class=\"card-blogpost__date\">28 jan, 2025<\/p>\n\t\t\t<p class=\"card-blogpost__title is-style-heading-s\">Slik rengj\u00f8r du kj\u00f8kkenviften &#8211; veiledning for fettfilter og kullfilter<\/p>\n\t\t<\/div>\n\t<\/a>\n<\/div>\n\n<div class=\"qt-container\">\n\t<a class=\"card card-blogpost\" href=\"https:\/\/www.tovenco.se\/no\/blogg\/stillegaende-kjokkenhetter-for-et-rolig-og-koselig-kjokkenmiljo\/\" title=\"Stilleg\u00e5ende kj\u00f8kkenhetter &#8211; for et rolig og koselig kj\u00f8kkenmilj\u00f8\">\n\t\t<figure class=\"wp-block-image card-blogpost__image\">\n\t\t\t<img loading=\"lazy\" decoding=\"async\" width=\"2560\" height=\"2077\" src=\"https:\/\/www.tovenco.se\/wp-content\/uploads\/2025\/03\/Miljo-MOD-1-Cottage-scaled.jpg\" class=\"attachment-4-3-small size-4-3-small wp-post-image\" alt=\"\" \/>\t\t<figcaption><\/figcaption><\/figure>\n\t\t\n\t\t<div class=\"card-content\">\n\t\t\t<p class=\"card-blogpost__date\">28 jan, 2025<\/p>\n\t\t\t<p class=\"card-blogpost__title is-style-heading-s\">Stilleg\u00e5ende kj\u00f8kkenhetter &#8211; for et rolig og koselig kj\u00f8kkenmilj\u00f8<\/p>\n\t\t<\/div>\n\t<\/a>\n<\/div>\n\n\t\t<!-- Pagination -->\n\t\t\t<nav class=\"pagination\">\n\t\t\t\t<div class=\"pagination-numbers\">\n\t\t\t\t\t\t\t\t<\/div>\n\t\t\t<\/nav>\n\n\t\t\t<\/div>\n\n\t\n<\/section>\n\n\n<section class=\"qt-section container-s\"><div class=\"qt-section__inner grid grid-col-1\">\n<div class=\"qt-container\">\n<div class=\"wp-block-cover is-light\"><img loading=\"lazy\" decoding=\"async\" width=\"1200\" height=\"884\" class=\"wp-block-cover__image-background wp-image-237\" alt=\"Ljusbl\u00e5 och ljusgr\u00f6n abstrakt bakgrundsbild\" src=\"https:\/\/www.tovenco.se\/wp-content\/uploads\/2025\/01\/splash-background.jpg\" data-object-fit=\"cover\" srcset=\"https:\/\/www.tovenco.se\/wp-content\/uploads\/2025\/01\/splash-background.jpg 1200w, https:\/\/www.tovenco.se\/wp-content\/uploads\/2025\/01\/splash-background-300x221.jpg 300w, https:\/\/www.tovenco.se\/wp-content\/uploads\/2025\/01\/splash-background-600x442.jpg 600w, https:\/\/www.tovenco.se\/wp-content\/uploads\/2025\/01\/splash-background-768x566.jpg 768w, https:\/\/www.tovenco.se\/wp-content\/uploads\/2025\/01\/splash-background-1024x754.jpg 1024w, https:\/\/www.tovenco.se\/wp-content\/uploads\/2025\/01\/splash-background-462x340.jpg 462w, https:\/\/www.tovenco.se\/wp-content\/uploads\/2025\/01\/splash-background-592x436.jpg 592w, https:\/\/www.tovenco.se\/wp-content\/uploads\/2025\/01\/splash-background-622x458.jpg 622w, https:\/\/www.tovenco.se\/wp-content\/uploads\/2025\/01\/splash-background-386x284.jpg 386w, https:\/\/www.tovenco.se\/wp-content\/uploads\/2025\/01\/splash-background-519x382.jpg 519w, https:\/\/www.tovenco.se\/wp-content\/uploads\/2025\/01\/splash-background-676x498.jpg 676w\" sizes=\"auto, (max-width: 1200px) 100vw, 1200px\" \/><span aria-hidden=\"true\" class=\"wp-block-cover__background has-background-dim-0 has-background-dim\"><\/span><div class=\"wp-block-cover__inner-container is-layout-constrained wp-block-cover-is-layout-constrained\">\n<p class=\"has-text-align-left is-style-heading-l\">Sveriges bredeste utvalg av kj\u00f8kkenhetter<\/p>\n\n\n\n<p class=\"is-style-paragraph-l has-text-secondary-color has-text-color has-link-color wp-elements-013cb77e1cd17f7e4e868693f324dabd\">Bestill en kj\u00f8kkenvifte som er skreddersydd for ditt kj\u00f8kken.<\/p>\n\n\n\n<div class=\"wp-block-buttons is-layout-flex wp-block-buttons-is-layout-flex\">\n<div class=\"wp-block-button is-style-fill\"><a class=\"wp-block-button__link wp-element-button\" href=\"https:\/\/www.tovenco.se\/no\/produkter\/\">Se v\u00e5rt utvalg<\/a><\/div>\n<\/div>\n<\/div><\/div>\n<\/div>\n<\/div><\/section>\n","protected":false},"excerpt":{"rendered":"","protected":false},"author":1,"featured_media":0,"parent":0,"menu_order":0,"comment_status":"closed","ping_status":"closed","template":"","meta":{"_acf_changed":false,"footnotes":""},"class_list":["post-10888","page","type-page","status-publish","hentry"],"acf":[],"_links":{"self":[{"href":"https:\/\/www.tovenco.se\/no\/wp-json\/wp\/v2\/pages\/10888","targetHints":{"allow":["GET"]}}],"collection":[{"href":"https:\/\/www.tovenco.se\/no\/wp-json\/wp\/v2\/pages"}],"about":[{"href":"https:\/\/www.tovenco.se\/no\/wp-json\/wp\/v2\/types\/page"}],"author":[{"embeddable":true,"href":"https:\/\/www.tovenco.se\/no\/wp-json\/wp\/v2\/users\/1"}],"replies":[{"embeddable":true,"href":"https:\/\/www.tovenco.se\/no\/wp-json\/wp\/v2\/comments?post=10888"}],"version-history":[{"count":3,"href":"https:\/\/www.tovenco.se\/no\/wp-json\/wp\/v2\/pages\/10888\/revisions"}],"predecessor-version":[{"id":12107,"href":"https:\/\/www.tovenco.se\/no\/wp-json\/wp\/v2\/pages\/10888\/revisions\/12107"}],"wp:attachment":[{"href":"https:\/\/www.tovenco.se\/no\/wp-json\/wp\/v2\/media?parent=10888"}],"curies":[{"name":"wp","href":"https:\/\/api.w.org\/{rel}","templated":true}]}}