{"id":10886,"date":"2025-01-17T13:07:43","date_gmt":"2025-01-17T12:07:43","guid":{"rendered":"https:\/\/www.tovenco.se\/informasjonskapsler\/"},"modified":"2025-06-19T07:33:32","modified_gmt":"2025-06-19T05:33:32","slug":"informasjonskapsler","status":"publish","type":"page","link":"https:\/\/www.tovenco.se\/no\/informasjonskapsler\/","title":{"rendered":"Informasjonskapsler"},"content":{"rendered":"\n<section class=\"qt-section container-s\"><div class=\"qt-section__inner grid grid-col-1\">\n<div class=\"qt-container\">\n<h1 class=\"wp-block-heading\">Informasjonskapsler<\/h1>\n\n\n\n<p>Vi i Tovenco AB bruker informasjonskapsler. Dette er noe som er sv\u00e6rt vanlig p\u00e5 nettsteder. En informasjonskapsel er en liten tekstfil som lagres p\u00e5 datamaskinen, mobiltelefonen eller en annen enhet n\u00e5r du bes\u00f8ker nettsidene v\u00e5re.<\/p>\n\n\n\n<p>Denne tekstfilen brukes til \u00e5 lagre informasjon om dine preferanser, for \u00e5 gi deg tilgang til ulike funksjoner og for \u00e5 gi deg en personlig tilpasset opplevelse.<\/p>\n\n\n\n<p>Det finnes to typer informasjonskapsler. Den ene lagrer en liten tekstfil i en lengre periode og brukes til \u00e5 lagre visse innstillinger over flere gjentatte bes\u00f8k p\u00e5 nettstedet. Denne tekstfilen har en utl\u00f8psdato, noe som betyr at informasjonskapselen slettes n\u00e5r utl\u00f8psdatoen er passert og du bes\u00f8ker nettstedet p\u00e5 nytt. Den andre informasjonskapselen kalles en \u00f8ktinformasjonskapsel og lagres midlertidig p\u00e5 enheten din mens du er inne p\u00e5 nettstedet. Den brukes blant annet til \u00e5 holde styr p\u00e5 hvilket spr\u00e5k du har valgt eller lignende. \u00d8ktinformasjonskapsler forsvinner n\u00e5r du lukker nettleseren.<\/p>\n\n\n\n<h2 class=\"wp-block-heading\">Slik bruker vi informasjonskapsler<\/h2>\n\n\n\n<p>Vi bruker b\u00e5de \u00f8ktinformasjonskapsler og andre informasjonskapsler.<\/p>\n\n\n\n<p>Vi bruker informasjonskapsler blant annet til \u00e5 lagre informasjon om p\u00e5logginger og skjemaer for \u00e5 forbedre brukeropplevelsen din.<\/p>\n\n\n\n<p>Noen ganger bruker vi ogs\u00e5 informasjonskapsler fra tredjeparter. Dette gj\u00f8res for \u00e5 samle inn statistikk knyttet til nettstedet, registrere trafikk og for \u00e5 videreutvikle nettstedet v\u00e5rt. De kan ogs\u00e5 brukes til \u00e5 gi deg relevant informasjon p\u00e5 v\u00e5re egne og andre nettsteder.<\/p>\n\n\n\n<p>Vi bruker ogs\u00e5 informasjonskapsler fra Google til markedsf\u00f8ringsform\u00e5l. Vi bruker Display Advertising i Google Analytics for demografiske rapporter og interesserapporter. Dette gir oss bedre innsikt i v\u00e5re bes\u00f8kende, slik at vi kan gi dem en bedre opplevelse.<\/p>\n\n\n\n<h2 class=\"wp-block-heading\">Sl\u00e5 av informasjonskapsler<\/h2>\n\n\n\n<p>Du har mulighet til \u00e5 deaktivere lagring av informasjonskapsler i nettleseren din og dermed avvise informasjonskapsler. Du kan ogs\u00e5 slette tidligere lagrede informasjonskapsler. Du kan deaktivere informasjonskapsler ved \u00e5 tilpasse sikkerhetsinnstillingene i nettleseren din. Hvordan dette gj\u00f8res, varierer litt mellom ulike nettlesere og nettleserversjoner, men er beskrevet hvis du s\u00f8ker p\u00e5 hjelpesiden til din spesifikke nettleser.<\/p>\n\n\n\n<p>Hvis du sl\u00e5r av informasjonskapsler, kan det hende at enkelte deler av nettstedet v\u00e5rt slutter \u00e5 fungere.<\/p>\n\n\n\n<p>Du har muligheten til \u00e5 deaktivere Display Advertising i Google Analytics og justere annonsene i Google Display Network via annonseinnstillingene. Disse finner du her: <a href=\"http:\/\/www.google.com\/settings\/ads\" target=\"_blank\" rel=\"noreferrer noopener nofollow\">http:\/\/www.google.com\/settings\/ads.<\/a><\/p>\n\n\n\n<p>Du kan ogs\u00e5 lese mer om de ulike typene informasjon som kan deaktiveres i Google Analytics p\u00e5 nettet: <a href=\"https:\/\/tools.google.com\/dlpage\/gaoptout\" target=\"_blank\" rel=\"noreferrer noopener nofollow\">https:\/\/tools.google.com\/dlpage\/gaoptout<\/a><\/p>\n\n\n\n<h2 class=\"wp-block-heading\">Tillatelse til \u00e5 bruke informasjonskapsler<\/h2>\n\n\n\n<p>I tilfeller der innstillingene i nettleseren du bruker n\u00e5r du bes\u00f8ker nettstedet v\u00e5rt, er stilt inn slik at de tillater informasjonskapsler, tolker vi dette som at du godtar informasjonskapsler p\u00e5 nettstedet v\u00e5rt.<\/p>\n<\/div>\n\n\n\n<div class=\"qt-container\">\n<script id=\"CookieDeclaration\" src=\"https:\/\/consent.cookiebot.com\/81e45ec1-bce2-4dbf-8ad8-507de6cffc27\/cd.js\" type=\"text\/javascript\" async=\"\"><\/script>\n<\/div>\n<\/div><\/section>\n","protected":false},"excerpt":{"rendered":"","protected":false},"author":1,"featured_media":0,"parent":0,"menu_order":0,"comment_status":"closed","ping_status":"closed","template":"","meta":{"_acf_changed":false,"footnotes":""},"class_list":["post-10886","page","type-page","status-publish","hentry"],"acf":[],"_links":{"self":[{"href":"https:\/\/www.tovenco.se\/no\/wp-json\/wp\/v2\/pages\/10886","targetHints":{"allow":["GET"]}}],"collection":[{"href":"https:\/\/www.tovenco.se\/no\/wp-json\/wp\/v2\/pages"}],"about":[{"href":"https:\/\/www.tovenco.se\/no\/wp-json\/wp\/v2\/types\/page"}],"author":[{"embeddable":true,"href":"https:\/\/www.tovenco.se\/no\/wp-json\/wp\/v2\/users\/1"}],"replies":[{"embeddable":true,"href":"https:\/\/www.tovenco.se\/no\/wp-json\/wp\/v2\/comments?post=10886"}],"version-history":[{"count":1,"href":"https:\/\/www.tovenco.se\/no\/wp-json\/wp\/v2\/pages\/10886\/revisions"}],"predecessor-version":[{"id":10887,"href":"https:\/\/www.tovenco.se\/no\/wp-json\/wp\/v2\/pages\/10886\/revisions\/10887"}],"wp:attachment":[{"href":"https:\/\/www.tovenco.se\/no\/wp-json\/wp\/v2\/media?parent=10886"}],"curies":[{"name":"wp","href":"https:\/\/api.w.org\/{rel}","templated":true}]}}