{"id":10882,"date":"2025-01-17T14:30:23","date_gmt":"2025-01-17T13:30:23","guid":{"rendered":"https:\/\/www.tovenco.se\/behovsstyrt-kjokkenventilasjon-dckv\/"},"modified":"2025-06-19T07:33:36","modified_gmt":"2025-06-19T05:33:36","slug":"behovsstyrt-kjokkenventilasjon-dckv","status":"publish","type":"page","link":"https:\/\/www.tovenco.se\/no\/stort-kjokken\/behovsstyrt-kjokkenventilasjon-dckv\/","title":{"rendered":"Behovsstyrt kj\u00f8kkenventilasjon &#8211; DCKV"},"content":{"rendered":"\n<section class=\"qt-section container-s\"><div class=\"qt-section__inner grid grid-col-1\">\n<div class=\"qt-container\">\n<h1 class=\"wp-block-heading\">Behovsstyrt kj\u00f8kkenventilasjon &#8211; DCKV<\/h1>\n\n\n\n<figure class=\"wp-block-embed is-type-video is-provider-youtube wp-block-embed-youtube\"><div class=\"wp-block-embed__wrapper\">\n<iframe loading=\"lazy\" title=\"Varf\u00f6r vi skapade ecoAzur\" width=\"500\" height=\"281\" src=\"https:\/\/www.youtube.com\/embed\/GMCRDr-nj2I?feature=oembed\" frameborder=\"0\" allow=\"accelerometer; autoplay; clipboard-write; encrypted-media; gyroscope; picture-in-picture; web-share\" referrerpolicy=\"strict-origin-when-cross-origin\" allowfullscreen><\/iframe>\n<\/div><\/figure>\n\n\n\n<h2 class=\"wp-block-heading\">ECOAZUR\u00ae<\/h2>\n\n\n\n<p>Det er p\u00e5 tide at du m\u00f8ter ECOAZUR\u00ae, bransjens mest avanserte intelligente, behovsstyrte kj\u00f8kkenventilasjonssystem (DCKV) for storkj\u00f8kken. Kutt energikostnadene, reduser klimagassutslippene og forbedre komforten for teamet ditt. Si farvel til det mest energikrevende apparatet ditt: ventilasjonssystemet p\u00e5 kj\u00f8kkenet.<\/p>\n\n\n\n<div class=\"wp-block-buttons is-layout-flex wp-block-buttons-is-layout-flex\">\n<div class=\"wp-block-button is-style-button-only-text\"><a class=\"wp-block-button__link wp-element-button\" href=\"https:\/\/www.tovenco.se\/kontakt\/\">Vil du vite mer? Kontakt oss p\u00e5<\/a><\/div>\n<\/div>\n\n\n\n<figure class=\"wp-block-image size-16-9-large\"><img loading=\"lazy\" decoding=\"async\" width=\"769\" height=\"498\" src=\"https:\/\/www.tovenco.se\/wp-content\/uploads\/2025\/01\/ecoazur-franluftsflode-diagram-769x498.png\" alt=\"ECOAZUR-energisparetabell\" class=\"wp-image-800\" style=\"aspect-ratio:3\/2;object-fit:cover\" srcset=\"https:\/\/www.tovenco.se\/wp-content\/uploads\/2025\/01\/ecoazur-franluftsflode-diagram-769x498.png 769w, https:\/\/www.tovenco.se\/wp-content\/uploads\/2025\/01\/ecoazur-franluftsflode-diagram-600x389.png 600w, https:\/\/www.tovenco.se\/wp-content\/uploads\/2025\/01\/ecoazur-franluftsflode-diagram-300x194.png 300w, https:\/\/www.tovenco.se\/wp-content\/uploads\/2025\/01\/ecoazur-franluftsflode-diagram-768x497.png 768w, https:\/\/www.tovenco.se\/wp-content\/uploads\/2025\/01\/ecoazur-franluftsflode-diagram-462x299.png 462w, https:\/\/www.tovenco.se\/wp-content\/uploads\/2025\/01\/ecoazur-franluftsflode-diagram-592x383.png 592w, https:\/\/www.tovenco.se\/wp-content\/uploads\/2025\/01\/ecoazur-franluftsflode-diagram-622x403.png 622w, https:\/\/www.tovenco.se\/wp-content\/uploads\/2025\/01\/ecoazur-franluftsflode-diagram-438x284.png 438w, https:\/\/www.tovenco.se\/wp-content\/uploads\/2025\/01\/ecoazur-franluftsflode-diagram-590x382.png 590w, https:\/\/www.tovenco.se\/wp-content\/uploads\/2025\/01\/ecoazur-franluftsflode-diagram.png 900w\" sizes=\"auto, (max-width: 769px) 100vw, 769px\" \/><figcaption><\/figcaption><\/figure>\n\n\n\n<h2 class=\"wp-block-heading\">H\u00f8yytelsesdeteksjon kan redusere avtrekksluftstr\u00f8mmen med opptil 70 %.<\/h2>\n\n\n\n<p>Stol p\u00e5 neste generasjons intelligente kj\u00f8kkenventilasjonssystemer for \u00e5 oppn\u00e5 energibesparende gjennombrudd p\u00e5 en elegant m\u00e5te.<\/p>\n\n\n\n<p>ECOAZURs optiske sensorer og temperatursensorkonfigurasjoner gj\u00f8r det mulig \u00e5 spare str\u00f8m til ventilasjonsaggregater og erstatningsluftbehandling, for eksempel oppvarming, kj\u00f8ling og avfukting. I tillegg: Ved \u00e5 legge til spjeld kan du kontrollere luftstr\u00f8mmen til hver hette uavhengig av hverandre, uansett hvor mange hetter som er koblet til et avtrekkssystem.<\/p>\n\n\n\n<p>Takket v\u00e6re den effektive optiske deteksjonen og de mange tilberedningsmodusene er ECOAZUR det eneste kj\u00f8kkenventilasjonssystemet p\u00e5 markedet som kan oppn\u00e5 s\u00e5 store energibesparelser at det virkelig gir resultater p\u00e5 bunnlinjen.<\/p>\n<\/div>\n\n\n\n<div class=\"qt-container\">\n<section class=\"qt-section container-s\"><div class=\"qt-section__inner grid grid-col-1\">\n<div class=\"qt-container\">\n<div class=\"wp-block-cover\"><span aria-hidden=\"true\" class=\"wp-block-cover__background has-background-dim-0 has-background-dim\"><\/span><img decoding=\"async\" class=\"wp-block-cover__image-background wp-image-745\" alt=\"M\u00f6rkbl\u00e5 och m\u00f6rkgr\u00f6n abstrakt bakgrundsbild\" src=\"https:\/\/www.tovenco.se\/wp-content\/uploads\/2025\/01\/splash-background-dark.jpg\" data-object-fit=\"cover\"\/><div class=\"wp-block-cover__inner-container is-layout-constrained wp-block-cover-is-layout-constrained\">\n<p class=\"has-text-align-left is-style-heading-l has-text-inverted-color has-text-color has-link-color wp-elements-8bd78ab66a06ec798b9ae939cb98579f\">Vil du vite mer om behovsstyrt ventilasjon?<\/p>\n\n\n\n<p class=\"is-style-paragraph-l has-text-inverted-color has-text-color has-link-color wp-elements-c7d95ca469ed7c65d5333d272218708a\">Bestill et m\u00f8te n\u00e5, s\u00e5 forteller vi deg mer.<\/p>\n\n\n\n<div class=\"wp-block-buttons is-layout-flex wp-block-buttons-is-layout-flex\">\n<div class=\"wp-block-button is-style-button-secondary\"><a class=\"wp-block-button__link wp-element-button\" href=\"https:\/\/www.tovenco.se\/kontakt\/\">Kontakt oss p\u00e5<\/a><\/div>\n<\/div>\n<\/div><\/div>\n<\/div>\n<\/div><\/section>\n<\/div>\n<\/div><\/section>\n","protected":false},"excerpt":{"rendered":"","protected":false},"author":1,"featured_media":0,"parent":10894,"menu_order":0,"comment_status":"closed","ping_status":"closed","template":"page-dark","meta":{"_acf_changed":false,"footnotes":""},"class_list":["post-10882","page","type-page","status-publish","hentry"],"acf":[],"_links":{"self":[{"href":"https:\/\/www.tovenco.se\/no\/wp-json\/wp\/v2\/pages\/10882","targetHints":{"allow":["GET"]}}],"collection":[{"href":"https:\/\/www.tovenco.se\/no\/wp-json\/wp\/v2\/pages"}],"about":[{"href":"https:\/\/www.tovenco.se\/no\/wp-json\/wp\/v2\/types\/page"}],"author":[{"embeddable":true,"href":"https:\/\/www.tovenco.se\/no\/wp-json\/wp\/v2\/users\/1"}],"replies":[{"embeddable":true,"href":"https:\/\/www.tovenco.se\/no\/wp-json\/wp\/v2\/comments?post=10882"}],"version-history":[{"count":1,"href":"https:\/\/www.tovenco.se\/no\/wp-json\/wp\/v2\/pages\/10882\/revisions"}],"predecessor-version":[{"id":10884,"href":"https:\/\/www.tovenco.se\/no\/wp-json\/wp\/v2\/pages\/10882\/revisions\/10884"}],"up":[{"embeddable":true,"href":"https:\/\/www.tovenco.se\/no\/wp-json\/wp\/v2\/pages\/10894"}],"wp:attachment":[{"href":"https:\/\/www.tovenco.se\/no\/wp-json\/wp\/v2\/media?parent=10882"}],"curies":[{"name":"wp","href":"https:\/\/api.w.org\/{rel}","templated":true}]}}