{"id":10880,"date":"2025-01-17T14:17:48","date_gmt":"2025-01-17T13:17:48","guid":{"rendered":"https:\/\/www.tovenco.se\/om-oss\/miljo\/"},"modified":"2025-06-19T07:33:29","modified_gmt":"2025-06-19T05:33:29","slug":"miljo","status":"publish","type":"page","link":"https:\/\/www.tovenco.se\/no\/om-oss\/miljo\/","title":{"rendered":"Milj\u00f8"},"content":{"rendered":"\n<section class=\"qt-section container-s\"><div class=\"qt-section__inner grid grid-col-1\">\n<div class=\"qt-container\">\n<h1 class=\"wp-block-heading\">Milj\u00f8<\/h1>\n\n\n\n<figure class=\"wp-block-image size-16-9-large is-style-default\"><img loading=\"lazy\" decoding=\"async\" width=\"747\" height=\"498\" src=\"https:\/\/www.tovenco.se\/wp-content\/uploads\/2025\/04\/iStock-1200780644-747x498.jpg\" alt=\"\" class=\"wp-image-6878\" style=\"aspect-ratio:3\/2;object-fit:cover\" srcset=\"https:\/\/www.tovenco.se\/wp-content\/uploads\/2025\/04\/iStock-1200780644-747x498.jpg 747w, https:\/\/www.tovenco.se\/wp-content\/uploads\/2025\/04\/iStock-1200780644-600x400.jpg 600w, https:\/\/www.tovenco.se\/wp-content\/uploads\/2025\/04\/iStock-1200780644-1024x683.jpg 1024w, https:\/\/www.tovenco.se\/wp-content\/uploads\/2025\/04\/iStock-1200780644-300x200.jpg 300w, https:\/\/www.tovenco.se\/wp-content\/uploads\/2025\/04\/iStock-1200780644-768x512.jpg 768w, https:\/\/www.tovenco.se\/wp-content\/uploads\/2025\/04\/iStock-1200780644-1536x1024.jpg 1536w, https:\/\/www.tovenco.se\/wp-content\/uploads\/2025\/04\/iStock-1200780644-2048x1365.jpg 2048w, https:\/\/www.tovenco.se\/wp-content\/uploads\/2025\/04\/iStock-1200780644-462x308.jpg 462w, https:\/\/www.tovenco.se\/wp-content\/uploads\/2025\/04\/iStock-1200780644-592x395.jpg 592w, https:\/\/www.tovenco.se\/wp-content\/uploads\/2025\/04\/iStock-1200780644-622x415.jpg 622w, https:\/\/www.tovenco.se\/wp-content\/uploads\/2025\/04\/iStock-1200780644-426x284.jpg 426w, https:\/\/www.tovenco.se\/wp-content\/uploads\/2025\/04\/iStock-1200780644-573x382.jpg 573w\" sizes=\"auto, (max-width: 747px) 100vw, 747px\" \/><figcaption class=\"wp-element-caption\">Vakker, gr\u00f8nn mosegrodd skog i Sverige<\/figcaption><\/figure>\n\n\n\n<p>Tovenco arbeider aktivt for \u00e5 beskytte milj\u00f8et. Produksjonen og produktene v\u00e5re er milj\u00f8vennlige og energieffektive, noe som er en vinn-vinn-situasjon for b\u00e5de forbrukerne og milj\u00f8et. Vi arbeider for b\u00e6rekraft og utformer stadig nye prosedyrer og arbeidsmetoder for \u00e5 minimere milj\u00f8p\u00e5virkningen v\u00e5r. Milj\u00f8arbeidet v\u00e5rt inneb\u00e6rer at vi utvikler muligheter for \u00e5 fornye brukt energi gjennom god ventilasjon og energisparing.<\/p>\n<\/div>\n<\/div><\/section>\n\n<section class=\"qt-section container-s\"><div class=\"qt-section__inner grid grid-col-1\">\n<div class=\"qt-container\">\n<div class=\"wp-block-cover is-light\"><span aria-hidden=\"true\" class=\"wp-block-cover__background has-background-dim-0 has-background-dim\"><\/span><img loading=\"lazy\" decoding=\"async\" width=\"1200\" height=\"884\" class=\"wp-block-cover__image-background wp-image-237\" alt=\"Ljusbl\u00e5 och ljusgr\u00f6n abstrakt bakgrundsbild\" src=\"https:\/\/www.tovenco.se\/wp-content\/uploads\/2025\/01\/splash-background.jpg\" data-object-fit=\"cover\" srcset=\"https:\/\/www.tovenco.se\/wp-content\/uploads\/2025\/01\/splash-background.jpg 1200w, https:\/\/www.tovenco.se\/wp-content\/uploads\/2025\/01\/splash-background-300x221.jpg 300w, https:\/\/www.tovenco.se\/wp-content\/uploads\/2025\/01\/splash-background-600x442.jpg 600w, https:\/\/www.tovenco.se\/wp-content\/uploads\/2025\/01\/splash-background-768x566.jpg 768w, https:\/\/www.tovenco.se\/wp-content\/uploads\/2025\/01\/splash-background-1024x754.jpg 1024w, https:\/\/www.tovenco.se\/wp-content\/uploads\/2025\/01\/splash-background-462x340.jpg 462w, https:\/\/www.tovenco.se\/wp-content\/uploads\/2025\/01\/splash-background-592x436.jpg 592w, https:\/\/www.tovenco.se\/wp-content\/uploads\/2025\/01\/splash-background-622x458.jpg 622w, https:\/\/www.tovenco.se\/wp-content\/uploads\/2025\/01\/splash-background-386x284.jpg 386w, https:\/\/www.tovenco.se\/wp-content\/uploads\/2025\/01\/splash-background-519x382.jpg 519w, https:\/\/www.tovenco.se\/wp-content\/uploads\/2025\/01\/splash-background-676x498.jpg 676w\" sizes=\"auto, (max-width: 1200px) 100vw, 1200px\" \/><div class=\"wp-block-cover__inner-container is-layout-constrained wp-block-cover-is-layout-constrained\">\n<p class=\"has-text-align-left is-style-heading-l\">Sveriges bredeste utvalg av kj\u00f8kkenhetter<\/p>\n\n\n\n<p class=\"is-style-paragraph-l has-text-secondary-color has-text-color has-link-color wp-elements-013cb77e1cd17f7e4e868693f324dabd\">Bestill en kj\u00f8kkenvifte som er skreddersydd for ditt kj\u00f8kken.<\/p>\n\n\n\n<div class=\"wp-block-buttons is-layout-flex wp-block-buttons-is-layout-flex\">\n<div class=\"wp-block-button is-style-fill\"><a class=\"wp-block-button__link wp-element-button\" href=\"https:\/\/www.tovenco.se\/produkter\/\">Se v\u00e5rt utvalg<\/a><\/div>\n<\/div>\n<\/div><\/div>\n<\/div>\n<\/div><\/section>\n\n\n\t<section class=\"qt-section container-default latest-blogposts\">\n\t\t<div class=\"qt-section__inner grid grid-col-4\">\n\t\t\t<div class=\"qt-container is-horizontally-stretched\">\n\t\t\t\t<h2 class=\"wp-block-heading\">L\u00e4s de senaste blogginl\u00e4ggen<\/h2>\n\t\t\t\t<div class=\"wp-block-buttons\">\n\t\t\t\t\t<div class=\"wp-block-button is-style-button-only-text\">\n\t\t\t\t\t\t<a href=\"https:\/\/www.tovenco.se\/blogg\/\" class=\"wp-block-button__link\">\n\t\t\t\t\t\t\tSe alla blogginl\u00e4gg\t\t\t\t\t\t<\/a>\n\t\t\t\t\t<\/div>\n\t\t\t\t<\/div>\n\t\t\t<\/div>\n\t\t\t\n<div class=\"qt-container\">\n\t<a class=\"card card-blogpost\" href=\"https:\/\/www.tovenco.se\/no\/blogg\/utsikt-en-integrert-kjokkenvifte-i-komfyren\/\" title=\"Utsikt &#8211; En integrert kj\u00f8kkenvifte i komfyren\">\n\t\t<figure class=\"wp-block-image card-blogpost__image\">\n\t\t\t<img loading=\"lazy\" decoding=\"async\" width=\"1200\" height=\"675\" src=\"https:\/\/www.tovenco.se\/wp-content\/uploads\/2025\/03\/nyhet-produkt-view.jpg\" class=\"attachment-4-3-small size-4-3-small wp-post-image\" alt=\"K\u00f6ksfl\u00e4kt integrerad i spish\u00e4ll View\" \/>\t\t<figcaption><\/figcaption><\/figure>\n\t\t\n\t\t<div class=\"card-content\">\n\t\t\t<p class=\"card-blogpost__date\">13 mar, 2025<\/p>\n\t\t\t<p class=\"card-blogpost__title is-style-heading-s\">Utsikt &#8211; En integrert kj\u00f8kkenvifte i komfyren<\/p>\n\t\t<\/div>\n\t<\/a>\n<\/div>\n\n<div class=\"qt-container\">\n\t<a class=\"card card-blogpost\" href=\"https:\/\/www.tovenco.se\/no\/blogg\/hill-en-tilhenger-av-bade-tradisjon-og-modernitet\/\" title=\"Hill &#8211; En tilhenger av b\u00e5de tradisjon og modernitet\">\n\t\t<figure class=\"wp-block-image card-blogpost__image\">\n\t\t\t<img loading=\"lazy\" decoding=\"async\" width=\"1200\" height=\"675\" src=\"https:\/\/www.tovenco.se\/wp-content\/uploads\/2025\/03\/nyhet-produkt-hill.jpg\" class=\"attachment-4-3-small size-4-3-small wp-post-image\" alt=\"K\u00f6ksfl\u00e4kt Hill\" \/>\t\t<figcaption><\/figcaption><\/figure>\n\t\t\n\t\t<div class=\"card-content\">\n\t\t\t<p class=\"card-blogpost__date\">13 mar, 2025<\/p>\n\t\t\t<p class=\"card-blogpost__title is-style-heading-s\">Hill &#8211; En tilhenger av b\u00e5de tradisjon og modernitet<\/p>\n\t\t<\/div>\n\t<\/a>\n<\/div>\n\n<div class=\"qt-container\">\n\t<a class=\"card card-blogpost\" href=\"https:\/\/www.tovenco.se\/no\/blogg\/slik-rengjor-du-kjokkenviften-veiledning-for-fettfilter-og-kullfilter\/\" title=\"Slik rengj\u00f8r du kj\u00f8kkenviften &#8211; veiledning for fettfilter og kullfilter\">\n\t\t<figure class=\"wp-block-image card-blogpost__image\">\n\t\t\t<img loading=\"lazy\" decoding=\"async\" width=\"800\" height=\"1000\" src=\"https:\/\/www.tovenco.se\/wp-content\/uploads\/2018\/08\/bar-bq-miljo.jpg\" class=\"attachment-4-3-small size-4-3-small wp-post-image\" alt=\"\" \/>\t\t<figcaption><\/figcaption><\/figure>\n\t\t\n\t\t<div class=\"card-content\">\n\t\t\t<p class=\"card-blogpost__date\">28 jan, 2025<\/p>\n\t\t\t<p class=\"card-blogpost__title is-style-heading-s\">Slik rengj\u00f8r du kj\u00f8kkenviften &#8211; veiledning for fettfilter og kullfilter<\/p>\n\t\t<\/div>\n\t<\/a>\n<\/div>\n\n<div class=\"qt-container\">\n\t<a class=\"card card-blogpost\" href=\"https:\/\/www.tovenco.se\/no\/blogg\/stillegaende-kjokkenhetter-for-et-rolig-og-koselig-kjokkenmiljo\/\" title=\"Stilleg\u00e5ende kj\u00f8kkenhetter &#8211; for et rolig og koselig kj\u00f8kkenmilj\u00f8\">\n\t\t<figure class=\"wp-block-image card-blogpost__image\">\n\t\t\t<img loading=\"lazy\" decoding=\"async\" width=\"2560\" height=\"2077\" src=\"https:\/\/www.tovenco.se\/wp-content\/uploads\/2025\/03\/Miljo-MOD-1-Cottage-scaled.jpg\" class=\"attachment-4-3-small size-4-3-small wp-post-image\" alt=\"\" \/>\t\t<figcaption><\/figcaption><\/figure>\n\t\t\n\t\t<div class=\"card-content\">\n\t\t\t<p class=\"card-blogpost__date\">28 jan, 2025<\/p>\n\t\t\t<p class=\"card-blogpost__title is-style-heading-s\">Stilleg\u00e5ende kj\u00f8kkenhetter &#8211; for et rolig og koselig kj\u00f8kkenmilj\u00f8<\/p>\n\t\t<\/div>\n\t<\/a>\n<\/div>\n\t\t<\/div>\n\t<\/section>\n\n\t\n","protected":false},"excerpt":{"rendered":"","protected":false},"author":1,"featured_media":0,"parent":10878,"menu_order":0,"comment_status":"closed","ping_status":"closed","template":"","meta":{"_acf_changed":false,"footnotes":""},"class_list":["post-10880","page","type-page","status-publish","hentry"],"acf":[],"_links":{"self":[{"href":"https:\/\/www.tovenco.se\/no\/wp-json\/wp\/v2\/pages\/10880","targetHints":{"allow":["GET"]}}],"collection":[{"href":"https:\/\/www.tovenco.se\/no\/wp-json\/wp\/v2\/pages"}],"about":[{"href":"https:\/\/www.tovenco.se\/no\/wp-json\/wp\/v2\/types\/page"}],"author":[{"embeddable":true,"href":"https:\/\/www.tovenco.se\/no\/wp-json\/wp\/v2\/users\/1"}],"replies":[{"embeddable":true,"href":"https:\/\/www.tovenco.se\/no\/wp-json\/wp\/v2\/comments?post=10880"}],"version-history":[{"count":1,"href":"https:\/\/www.tovenco.se\/no\/wp-json\/wp\/v2\/pages\/10880\/revisions"}],"predecessor-version":[{"id":10881,"href":"https:\/\/www.tovenco.se\/no\/wp-json\/wp\/v2\/pages\/10880\/revisions\/10881"}],"up":[{"embeddable":true,"href":"https:\/\/www.tovenco.se\/no\/wp-json\/wp\/v2\/pages\/10878"}],"wp:attachment":[{"href":"https:\/\/www.tovenco.se\/no\/wp-json\/wp\/v2\/media?parent=10880"}],"curies":[{"name":"wp","href":"https:\/\/api.w.org\/{rel}","templated":true}]}}