{"id":10878,"date":"2025-01-17T14:17:17","date_gmt":"2025-01-17T13:17:17","guid":{"rendered":"https:\/\/www.tovenco.se\/om-oss\/"},"modified":"2025-06-19T07:33:28","modified_gmt":"2025-06-19T05:33:28","slug":"om-oss","status":"publish","type":"page","link":"https:\/\/www.tovenco.se\/no\/om-oss\/","title":{"rendered":"Om oss"},"content":{"rendered":"\n<section class=\"qt-section container-s\"><div class=\"qt-section__inner grid grid-col-1\">\n<div class=\"qt-container\">\n<h1 class=\"wp-block-heading\">Om oss<\/h1>\n\n\n\n<figure class=\"wp-block-image size-16-9-large is-style-default\"><img loading=\"lazy\" decoding=\"async\" width=\"664\" height=\"498\" src=\"https:\/\/www.tovenco.se\/wp-content\/uploads\/2025\/03\/IMG_6751-664x498.jpg\" alt=\"\" class=\"wp-image-6808\" style=\"aspect-ratio:3\/2;object-fit:cover\" srcset=\"https:\/\/www.tovenco.se\/wp-content\/uploads\/2025\/03\/IMG_6751-664x498.jpg 664w, https:\/\/www.tovenco.se\/wp-content\/uploads\/2025\/03\/IMG_6751-600x450.jpg 600w, https:\/\/www.tovenco.se\/wp-content\/uploads\/2025\/03\/IMG_6751-1024x768.jpg 1024w, https:\/\/www.tovenco.se\/wp-content\/uploads\/2025\/03\/IMG_6751-300x225.jpg 300w, https:\/\/www.tovenco.se\/wp-content\/uploads\/2025\/03\/IMG_6751-768x576.jpg 768w, https:\/\/www.tovenco.se\/wp-content\/uploads\/2025\/03\/IMG_6751-1536x1152.jpg 1536w, https:\/\/www.tovenco.se\/wp-content\/uploads\/2025\/03\/IMG_6751-2048x1536.jpg 2048w, https:\/\/www.tovenco.se\/wp-content\/uploads\/2025\/03\/IMG_6751-462x347.jpg 462w, https:\/\/www.tovenco.se\/wp-content\/uploads\/2025\/03\/IMG_6751-592x444.jpg 592w, https:\/\/www.tovenco.se\/wp-content\/uploads\/2025\/03\/IMG_6751-622x467.jpg 622w, https:\/\/www.tovenco.se\/wp-content\/uploads\/2025\/03\/IMG_6751-379x284.jpg 379w, https:\/\/www.tovenco.se\/wp-content\/uploads\/2025\/03\/IMG_6751-509x382.jpg 509w\" sizes=\"auto, (max-width: 664px) 100vw, 664px\" \/><figcaption><\/figcaption><\/figure>\n\n\n\n<p>Siden oppstarten p\u00e5 1970-tallet har v\u00e5rt familieeide ingeni\u00f8rselskap utviklet seg fra \u00e5 v\u00e6re en liten, spesialisert virksomhet til \u00e5 bli et stabilt selskap med stor bredde. Noen av modellene v\u00e5re har v\u00e6rt i sortimentet v\u00e5rt i nesten 30 \u00e5r og er fortsatt storselgere p\u00e5 markedet. Det gir en god vurdering for v\u00e5r kvalitet og moderne design. Produksjonen v\u00e5r samt hovedkontor, lager og verksted ligger strategisk plassert i Hedesunda, 4 kilometer s\u00f8r for G\u00e4vle, med n\u00e6rhet til hele landet.<\/p>\n\n\n\n<p>V\u00e5rt forretningskonsept er basert p\u00e5 ekte kvalitet, lang erfaring og personlig service. Vi jobber kontinuerlig med \u00e5 holde oss oppdatert p\u00e5 den nyeste teknologien n\u00e5r det gjelder materialer, stilleg\u00e5ende vifter og effektiv belysning. Vi bruker LED-belysning og EC-motorer som standard i v\u00e5re boligskap.<\/p>\n\n\n\n<p>Vi er stolte av \u00e5 kunne si at vi er det eneste selskapet p\u00e5 markedet som tilbyr designhetter med en volumdel for sentralventilasjon. Disse hettene er utviklet for \u00e5 m\u00f8te markedets ettersp\u00f8rsel etter bedre ytelse i leiligheter.<\/p>\n\n\n\n<p>Med skreddersydde l\u00f8sninger og endel\u00f8se fargevalg kan Tovenco tilby et utvalg av hetter og vifter som passer for alle.<\/p>\n\n\n\n<p>Tovenco er ogs\u00e5 en komplett partner n\u00e5r det gjelder blikkenslagerarbeid, ventilasjon og luftrensingssystemer for storkj\u00f8kken. Vi stiller h\u00f8ye krav til ytelse og materialer som oppfyller profesjonelle standarder i n\u00e6ringsmiddelindustrien. Takket v\u00e6re v\u00e5r spesialisering kan vi ogs\u00e5 utf\u00f8re underleverand\u00f8rarbeid i rustfritt st\u00e5l, aluminium og svartplate.<\/p>\n\n\n\n<p>Moderne maskiner kombinert med erfarent h\u00e5ndverk og dyktige produsenter skaper produkter av h\u00f8yeste kvalitet.<\/p>\n<\/div>\n<\/div><\/section>\n\n<section class=\"qt-section container-s\"><div class=\"qt-section__inner grid grid-col-1\">\n<div class=\"qt-container\">\n<div class=\"wp-block-cover is-light\"><span aria-hidden=\"true\" class=\"wp-block-cover__background has-background-dim-0 has-background-dim\"><\/span><img loading=\"lazy\" decoding=\"async\" width=\"1200\" height=\"884\" class=\"wp-block-cover__image-background wp-image-237\" alt=\"Ljusbl\u00e5 och ljusgr\u00f6n abstrakt bakgrundsbild\" src=\"https:\/\/www.tovenco.se\/wp-content\/uploads\/2025\/01\/splash-background.jpg\" data-object-fit=\"cover\" srcset=\"https:\/\/www.tovenco.se\/wp-content\/uploads\/2025\/01\/splash-background.jpg 1200w, https:\/\/www.tovenco.se\/wp-content\/uploads\/2025\/01\/splash-background-300x221.jpg 300w, https:\/\/www.tovenco.se\/wp-content\/uploads\/2025\/01\/splash-background-600x442.jpg 600w, https:\/\/www.tovenco.se\/wp-content\/uploads\/2025\/01\/splash-background-768x566.jpg 768w, https:\/\/www.tovenco.se\/wp-content\/uploads\/2025\/01\/splash-background-1024x754.jpg 1024w, https:\/\/www.tovenco.se\/wp-content\/uploads\/2025\/01\/splash-background-462x340.jpg 462w, https:\/\/www.tovenco.se\/wp-content\/uploads\/2025\/01\/splash-background-592x436.jpg 592w, https:\/\/www.tovenco.se\/wp-content\/uploads\/2025\/01\/splash-background-622x458.jpg 622w, https:\/\/www.tovenco.se\/wp-content\/uploads\/2025\/01\/splash-background-386x284.jpg 386w, https:\/\/www.tovenco.se\/wp-content\/uploads\/2025\/01\/splash-background-519x382.jpg 519w, https:\/\/www.tovenco.se\/wp-content\/uploads\/2025\/01\/splash-background-676x498.jpg 676w\" sizes=\"auto, (max-width: 1200px) 100vw, 1200px\" \/><div class=\"wp-block-cover__inner-container is-layout-constrained wp-block-cover-is-layout-constrained\">\n<p class=\"has-text-align-left is-style-heading-l\">Sveriges bredeste utvalg av kj\u00f8kkenhetter<\/p>\n\n\n\n<p class=\"is-style-paragraph-l has-text-secondary-color has-text-color has-link-color wp-elements-013cb77e1cd17f7e4e868693f324dabd\">Bestill en kj\u00f8kkenvifte som er skreddersydd for ditt kj\u00f8kken.<\/p>\n\n\n\n<div class=\"wp-block-buttons is-layout-flex wp-block-buttons-is-layout-flex\">\n<div class=\"wp-block-button is-style-fill\"><a class=\"wp-block-button__link wp-element-button\" href=\"https:\/\/www.tovenco.se\/produkter\/\">Se v\u00e5rt utvalg<\/a><\/div>\n<\/div>\n<\/div><\/div>\n<\/div>\n<\/div><\/section>\n\n\n\t<section class=\"qt-section container-default latest-blogposts\">\n\t\t<div class=\"qt-section__inner grid grid-col-4\">\n\t\t\t<div class=\"qt-container is-horizontally-stretched\">\n\t\t\t\t<h2 class=\"wp-block-heading\">L\u00e4s de senaste blogginl\u00e4ggen<\/h2>\n\t\t\t\t<div class=\"wp-block-buttons\">\n\t\t\t\t\t<div class=\"wp-block-button is-style-button-only-text\">\n\t\t\t\t\t\t<a href=\"https:\/\/www.tovenco.se\/blogg\/\" class=\"wp-block-button__link\">\n\t\t\t\t\t\t\tSe alla blogginl\u00e4gg\t\t\t\t\t\t<\/a>\n\t\t\t\t\t<\/div>\n\t\t\t\t<\/div>\n\t\t\t<\/div>\n\t\t\t\n<div class=\"qt-container\">\n\t<a class=\"card card-blogpost\" href=\"https:\/\/www.tovenco.se\/no\/blogg\/utsikt-en-integrert-kjokkenvifte-i-komfyren\/\" title=\"Utsikt &#8211; En integrert kj\u00f8kkenvifte i komfyren\">\n\t\t<figure class=\"wp-block-image card-blogpost__image\">\n\t\t\t<img loading=\"lazy\" decoding=\"async\" width=\"1200\" height=\"675\" src=\"https:\/\/www.tovenco.se\/wp-content\/uploads\/2025\/03\/nyhet-produkt-view.jpg\" class=\"attachment-4-3-small size-4-3-small wp-post-image\" alt=\"K\u00f6ksfl\u00e4kt integrerad i spish\u00e4ll View\" \/>\t\t<figcaption><\/figcaption><\/figure>\n\t\t\n\t\t<div class=\"card-content\">\n\t\t\t<p class=\"card-blogpost__date\">13 mar, 2025<\/p>\n\t\t\t<p class=\"card-blogpost__title is-style-heading-s\">Utsikt &#8211; En integrert kj\u00f8kkenvifte i komfyren<\/p>\n\t\t<\/div>\n\t<\/a>\n<\/div>\n\n<div class=\"qt-container\">\n\t<a class=\"card card-blogpost\" href=\"https:\/\/www.tovenco.se\/no\/blogg\/hill-en-tilhenger-av-bade-tradisjon-og-modernitet\/\" title=\"Hill &#8211; En tilhenger av b\u00e5de tradisjon og modernitet\">\n\t\t<figure class=\"wp-block-image card-blogpost__image\">\n\t\t\t<img loading=\"lazy\" decoding=\"async\" width=\"1200\" height=\"675\" src=\"https:\/\/www.tovenco.se\/wp-content\/uploads\/2025\/03\/nyhet-produkt-hill.jpg\" class=\"attachment-4-3-small size-4-3-small wp-post-image\" alt=\"K\u00f6ksfl\u00e4kt Hill\" \/>\t\t<figcaption><\/figcaption><\/figure>\n\t\t\n\t\t<div class=\"card-content\">\n\t\t\t<p class=\"card-blogpost__date\">13 mar, 2025<\/p>\n\t\t\t<p class=\"card-blogpost__title is-style-heading-s\">Hill &#8211; En tilhenger av b\u00e5de tradisjon og modernitet<\/p>\n\t\t<\/div>\n\t<\/a>\n<\/div>\n\n<div class=\"qt-container\">\n\t<a class=\"card card-blogpost\" href=\"https:\/\/www.tovenco.se\/no\/blogg\/slik-rengjor-du-kjokkenviften-veiledning-for-fettfilter-og-kullfilter\/\" title=\"Slik rengj\u00f8r du kj\u00f8kkenviften &#8211; veiledning for fettfilter og kullfilter\">\n\t\t<figure class=\"wp-block-image card-blogpost__image\">\n\t\t\t<img loading=\"lazy\" decoding=\"async\" width=\"800\" height=\"1000\" src=\"https:\/\/www.tovenco.se\/wp-content\/uploads\/2018\/08\/bar-bq-miljo.jpg\" class=\"attachment-4-3-small size-4-3-small wp-post-image\" alt=\"\" \/>\t\t<figcaption><\/figcaption><\/figure>\n\t\t\n\t\t<div class=\"card-content\">\n\t\t\t<p class=\"card-blogpost__date\">28 jan, 2025<\/p>\n\t\t\t<p class=\"card-blogpost__title is-style-heading-s\">Slik rengj\u00f8r du kj\u00f8kkenviften &#8211; veiledning for fettfilter og kullfilter<\/p>\n\t\t<\/div>\n\t<\/a>\n<\/div>\n\n<div class=\"qt-container\">\n\t<a class=\"card card-blogpost\" href=\"https:\/\/www.tovenco.se\/no\/blogg\/stillegaende-kjokkenhetter-for-et-rolig-og-koselig-kjokkenmiljo\/\" title=\"Stilleg\u00e5ende kj\u00f8kkenhetter &#8211; for et rolig og koselig kj\u00f8kkenmilj\u00f8\">\n\t\t<figure class=\"wp-block-image card-blogpost__image\">\n\t\t\t<img loading=\"lazy\" decoding=\"async\" width=\"2560\" height=\"2077\" src=\"https:\/\/www.tovenco.se\/wp-content\/uploads\/2025\/03\/Miljo-MOD-1-Cottage-scaled.jpg\" class=\"attachment-4-3-small size-4-3-small wp-post-image\" alt=\"\" \/>\t\t<figcaption><\/figcaption><\/figure>\n\t\t\n\t\t<div class=\"card-content\">\n\t\t\t<p class=\"card-blogpost__date\">28 jan, 2025<\/p>\n\t\t\t<p class=\"card-blogpost__title is-style-heading-s\">Stilleg\u00e5ende kj\u00f8kkenhetter &#8211; for et rolig og koselig kj\u00f8kkenmilj\u00f8<\/p>\n\t\t<\/div>\n\t<\/a>\n<\/div>\n\t\t<\/div>\n\t<\/section>\n\n\t\n","protected":false},"excerpt":{"rendered":"","protected":false},"author":1,"featured_media":0,"parent":0,"menu_order":0,"comment_status":"closed","ping_status":"closed","template":"","meta":{"_acf_changed":false,"footnotes":""},"class_list":["post-10878","page","type-page","status-publish","hentry"],"acf":[],"_links":{"self":[{"href":"https:\/\/www.tovenco.se\/no\/wp-json\/wp\/v2\/pages\/10878","targetHints":{"allow":["GET"]}}],"collection":[{"href":"https:\/\/www.tovenco.se\/no\/wp-json\/wp\/v2\/pages"}],"about":[{"href":"https:\/\/www.tovenco.se\/no\/wp-json\/wp\/v2\/types\/page"}],"author":[{"embeddable":true,"href":"https:\/\/www.tovenco.se\/no\/wp-json\/wp\/v2\/users\/1"}],"replies":[{"embeddable":true,"href":"https:\/\/www.tovenco.se\/no\/wp-json\/wp\/v2\/comments?post=10878"}],"version-history":[{"count":1,"href":"https:\/\/www.tovenco.se\/no\/wp-json\/wp\/v2\/pages\/10878\/revisions"}],"predecessor-version":[{"id":10879,"href":"https:\/\/www.tovenco.se\/no\/wp-json\/wp\/v2\/pages\/10878\/revisions\/10879"}],"wp:attachment":[{"href":"https:\/\/www.tovenco.se\/no\/wp-json\/wp\/v2\/media?parent=10878"}],"curies":[{"name":"wp","href":"https:\/\/api.w.org\/{rel}","templated":true}]}}