{"id":12685,"date":"2025-01-17T14:30:23","date_gmt":"2025-01-17T13:30:23","guid":{"rendered":"https:\/\/www.tovenco.se\/big-kitchen\/demand-controlled-kitchen-ventilation-dckv\/"},"modified":"2025-07-03T14:02:43","modified_gmt":"2025-07-03T12:02:43","slug":"demand-controlled-kitchen-ventilation-dckv","status":"publish","type":"page","link":"https:\/\/www.tovenco.se\/en\/commercial-kitchen\/demand-controlled-kitchen-ventilation-dckv\/","title":{"rendered":"Demand-controlled kitchen ventilation &#8211; DCKV"},"content":{"rendered":"\n<section class=\"qt-section container-s\"><div class=\"qt-section__inner grid grid-col-1\">\n<div class=\"qt-container\">\n<h1 class=\"wp-block-heading\">Demand-controlled kitchen ventilation &#8211; DCKV<\/h1>\n\n\n\n<figure class=\"wp-block-embed is-type-video is-provider-youtube wp-block-embed-youtube\"><div class=\"wp-block-embed__wrapper\">\n<iframe loading=\"lazy\" title=\"Varf\u00f6r vi skapade ecoAzur\" width=\"500\" height=\"281\" src=\"https:\/\/www.youtube.com\/embed\/GMCRDr-nj2I?feature=oembed\" frameborder=\"0\" allow=\"accelerometer; autoplay; clipboard-write; encrypted-media; gyroscope; picture-in-picture; web-share\" referrerpolicy=\"strict-origin-when-cross-origin\" allowfullscreen><\/iframe>\n<\/div><\/figure>\n\n\n\n<h2 class=\"wp-block-heading\">ECOAZUR\u00ae<\/h2>\n\n\n\n<p>It&#8217;s time you met ECOAZUR\u00ae, the industry&#8217;s most advanced intelligent demand-controlled kitchen ventilation (DCKV) system for commercial kitchens. Lower your energy costs, reduce greenhouse gas emissions and improve your team&#8217;s comfort. Say goodbye to your most energy-hungry appliance: your kitchen ventilation system.  <\/p>\n\n\n\n<div class=\"wp-block-buttons is-layout-flex wp-block-buttons-is-layout-flex\">\n<div class=\"wp-block-button is-style-button-only-text\"><a class=\"wp-block-button__link wp-element-button\" href=\"https:\/\/www.tovenco.se\/en\/contact-us\/\">Want to know more? Contact us for more information <\/a><\/div>\n<\/div>\n\n\n\n<figure class=\"wp-block-image size-16-9-large\"><img loading=\"lazy\" decoding=\"async\" width=\"769\" height=\"498\" src=\"https:\/\/www.tovenco.se\/wp-content\/uploads\/2025\/01\/ecoazur-franluftsflode-diagram-769x498.png\" alt=\"ECOAZUR energy saving chart\" class=\"wp-image-800\" style=\"aspect-ratio:3\/2;object-fit:cover\" srcset=\"https:\/\/www.tovenco.se\/wp-content\/uploads\/2025\/01\/ecoazur-franluftsflode-diagram-769x498.png 769w, https:\/\/www.tovenco.se\/wp-content\/uploads\/2025\/01\/ecoazur-franluftsflode-diagram-600x389.png 600w, https:\/\/www.tovenco.se\/wp-content\/uploads\/2025\/01\/ecoazur-franluftsflode-diagram-300x194.png 300w, https:\/\/www.tovenco.se\/wp-content\/uploads\/2025\/01\/ecoazur-franluftsflode-diagram-768x497.png 768w, https:\/\/www.tovenco.se\/wp-content\/uploads\/2025\/01\/ecoazur-franluftsflode-diagram-462x299.png 462w, https:\/\/www.tovenco.se\/wp-content\/uploads\/2025\/01\/ecoazur-franluftsflode-diagram-592x383.png 592w, https:\/\/www.tovenco.se\/wp-content\/uploads\/2025\/01\/ecoazur-franluftsflode-diagram-622x403.png 622w, https:\/\/www.tovenco.se\/wp-content\/uploads\/2025\/01\/ecoazur-franluftsflode-diagram-438x284.png 438w, https:\/\/www.tovenco.se\/wp-content\/uploads\/2025\/01\/ecoazur-franluftsflode-diagram-590x382.png 590w, https:\/\/www.tovenco.se\/wp-content\/uploads\/2025\/01\/ecoazur-franluftsflode-diagram.png 900w\" sizes=\"auto, (max-width: 769px) 100vw, 769px\" \/><figcaption><\/figcaption><\/figure>\n\n\n\n<h2 class=\"wp-block-heading\">High-performance detection can reduce your exhaust airflow by up to 70%<\/h2>\n\n\n\n<p>Rely on next-generation intelligent kitchen ventilation systems to elegantly achieve energy-saving breakthroughs.<\/p>\n\n\n\n<p>ECOAZUR optical and temperature sensor configurations allow you to save on electricity consumption for ventilation units and treatment of replacement air, such as heating, cooling and dehumidification. In addition: adding dampers helps to control the airflow of each hood independently, no matter how many hoods are connected to an exhaust air system. <\/p>\n\n\n\n<p>Thanks to its efficient optical detection and multiple cooking modes, ECOAZUR is the only kitchen ventilation system on the market that can achieve this level of energy savings to really impact your bottom line.<\/p>\n<\/div>\n\n\n\n<div class=\"qt-container\">\n<section class=\"qt-section container-s\"><div class=\"qt-section__inner grid grid-col-1\">\n<div class=\"qt-container\">\n<div class=\"wp-block-cover\"><span aria-hidden=\"true\" class=\"wp-block-cover__background has-background-dim-0 has-background-dim\"><\/span><img decoding=\"async\" class=\"wp-block-cover__image-background wp-image-745\" alt=\"M\u00f6rkbl\u00e5 och m\u00f6rkgr\u00f6n abstrakt bakgrundsbild\" src=\"https:\/\/www.tovenco.se\/wp-content\/uploads\/2025\/01\/splash-background-dark.jpg\" data-object-fit=\"cover\"\/><div class=\"wp-block-cover__inner-container is-layout-constrained wp-block-cover-is-layout-constrained\">\n<p class=\"has-text-align-left is-style-heading-l has-text-inverted-color has-text-color has-link-color wp-elements-0d7a0472bc4069269169364601a2208c\">Want to know more about demand-controlled ventilation?<\/p>\n\n\n\n<p class=\"is-style-paragraph-l has-text-inverted-color has-text-color has-link-color wp-elements-91930e3bf2bb7274eed85e0e1eeb8489\">Book a meeting now and we&#8217;ll tell you more.<\/p>\n\n\n\n<div class=\"wp-block-buttons is-layout-flex wp-block-buttons-is-layout-flex\">\n<div class=\"wp-block-button is-style-button-secondary\"><a class=\"wp-block-button__link wp-element-button\" href=\"https:\/\/www.tovenco.se\/en\/contact-us\/\">Contact us for more information<\/a><\/div>\n<\/div>\n<\/div><\/div>\n<\/div>\n<\/div><\/section>\n<\/div>\n<\/div><\/section>\n","protected":false},"excerpt":{"rendered":"","protected":false},"author":1,"featured_media":0,"parent":12607,"menu_order":0,"comment_status":"closed","ping_status":"closed","template":"page-dark","meta":{"_acf_changed":false,"footnotes":""},"class_list":["post-12685","page","type-page","status-publish","hentry"],"acf":[],"_links":{"self":[{"href":"https:\/\/www.tovenco.se\/en\/wp-json\/wp\/v2\/pages\/12685","targetHints":{"allow":["GET"]}}],"collection":[{"href":"https:\/\/www.tovenco.se\/en\/wp-json\/wp\/v2\/pages"}],"about":[{"href":"https:\/\/www.tovenco.se\/en\/wp-json\/wp\/v2\/types\/page"}],"author":[{"embeddable":true,"href":"https:\/\/www.tovenco.se\/en\/wp-json\/wp\/v2\/users\/1"}],"replies":[{"embeddable":true,"href":"https:\/\/www.tovenco.se\/en\/wp-json\/wp\/v2\/comments?post=12685"}],"version-history":[{"count":2,"href":"https:\/\/www.tovenco.se\/en\/wp-json\/wp\/v2\/pages\/12685\/revisions"}],"predecessor-version":[{"id":12741,"href":"https:\/\/www.tovenco.se\/en\/wp-json\/wp\/v2\/pages\/12685\/revisions\/12741"}],"up":[{"embeddable":true,"href":"https:\/\/www.tovenco.se\/en\/wp-json\/wp\/v2\/pages\/12607"}],"wp:attachment":[{"href":"https:\/\/www.tovenco.se\/en\/wp-json\/wp\/v2\/media?parent=12685"}],"curies":[{"name":"wp","href":"https:\/\/api.w.org\/{rel}","templated":true}]}}