{"id":12606,"date":"2025-01-17T14:17:48","date_gmt":"2025-01-17T13:17:48","guid":{"rendered":"https:\/\/www.tovenco.se\/about-us\/environment\/"},"modified":"2025-07-03T14:02:37","modified_gmt":"2025-07-03T12:02:37","slug":"environment","status":"publish","type":"page","link":"https:\/\/www.tovenco.se\/en\/about-us\/environment\/","title":{"rendered":"Environment"},"content":{"rendered":"\n<section class=\"qt-section container-s\"><div class=\"qt-section__inner grid grid-col-1\">\n<div class=\"qt-container\">\n<h1 class=\"wp-block-heading\">Environment<\/h1>\n\n\n\n<figure class=\"wp-block-image size-16-9-large is-style-default\"><img loading=\"lazy\" decoding=\"async\" width=\"747\" height=\"498\" src=\"https:\/\/www.tovenco.se\/wp-content\/uploads\/2025\/04\/iStock-1200780644-747x498.jpg\" alt=\"\" class=\"wp-image-6878\" style=\"aspect-ratio:3\/2;object-fit:cover\" srcset=\"https:\/\/www.tovenco.se\/wp-content\/uploads\/2025\/04\/iStock-1200780644-747x498.jpg 747w, https:\/\/www.tovenco.se\/wp-content\/uploads\/2025\/04\/iStock-1200780644-600x400.jpg 600w, https:\/\/www.tovenco.se\/wp-content\/uploads\/2025\/04\/iStock-1200780644-1024x683.jpg 1024w, https:\/\/www.tovenco.se\/wp-content\/uploads\/2025\/04\/iStock-1200780644-300x200.jpg 300w, https:\/\/www.tovenco.se\/wp-content\/uploads\/2025\/04\/iStock-1200780644-768x512.jpg 768w, https:\/\/www.tovenco.se\/wp-content\/uploads\/2025\/04\/iStock-1200780644-1536x1024.jpg 1536w, https:\/\/www.tovenco.se\/wp-content\/uploads\/2025\/04\/iStock-1200780644-2048x1365.jpg 2048w, https:\/\/www.tovenco.se\/wp-content\/uploads\/2025\/04\/iStock-1200780644-462x308.jpg 462w, https:\/\/www.tovenco.se\/wp-content\/uploads\/2025\/04\/iStock-1200780644-592x395.jpg 592w, https:\/\/www.tovenco.se\/wp-content\/uploads\/2025\/04\/iStock-1200780644-622x415.jpg 622w, https:\/\/www.tovenco.se\/wp-content\/uploads\/2025\/04\/iStock-1200780644-426x284.jpg 426w, https:\/\/www.tovenco.se\/wp-content\/uploads\/2025\/04\/iStock-1200780644-573x382.jpg 573w\" sizes=\"auto, (max-width: 747px) 100vw, 747px\" \/><figcaption class=\"wp-element-caption\">Beautiful green mossy forest in sweden<\/figcaption><\/figure>\n\n\n\n<p>Tovenco actively works to protect the environment. Our manufacturing and products are environmentally friendly and energy efficient, which benefits both the consumer and the environment. We strive for sustainability and constantly design new routines and working methods for minimal environmental impact. Our environmental work allows us to develop opportunities to renew used energy through good ventilation and energy saving.   <\/p>\n<\/div>\n<\/div><\/section>\n\n<section class=\"qt-section container-s\"><div class=\"qt-section__inner grid grid-col-1\">\n<div class=\"qt-container\">\n<div class=\"wp-block-cover is-light\"><span aria-hidden=\"true\" class=\"wp-block-cover__background has-background-dim-0 has-background-dim\"><\/span><img loading=\"lazy\" decoding=\"async\" width=\"1200\" height=\"884\" class=\"wp-block-cover__image-background wp-image-237\" alt=\"Ljusbl\u00e5 och ljusgr\u00f6n abstrakt bakgrundsbild\" src=\"https:\/\/www.tovenco.se\/wp-content\/uploads\/2025\/01\/splash-background.jpg\" data-object-fit=\"cover\" srcset=\"https:\/\/www.tovenco.se\/wp-content\/uploads\/2025\/01\/splash-background.jpg 1200w, https:\/\/www.tovenco.se\/wp-content\/uploads\/2025\/01\/splash-background-300x221.jpg 300w, https:\/\/www.tovenco.se\/wp-content\/uploads\/2025\/01\/splash-background-600x442.jpg 600w, https:\/\/www.tovenco.se\/wp-content\/uploads\/2025\/01\/splash-background-768x566.jpg 768w, https:\/\/www.tovenco.se\/wp-content\/uploads\/2025\/01\/splash-background-1024x754.jpg 1024w, https:\/\/www.tovenco.se\/wp-content\/uploads\/2025\/01\/splash-background-462x340.jpg 462w, https:\/\/www.tovenco.se\/wp-content\/uploads\/2025\/01\/splash-background-592x436.jpg 592w, https:\/\/www.tovenco.se\/wp-content\/uploads\/2025\/01\/splash-background-622x458.jpg 622w, https:\/\/www.tovenco.se\/wp-content\/uploads\/2025\/01\/splash-background-386x284.jpg 386w, https:\/\/www.tovenco.se\/wp-content\/uploads\/2025\/01\/splash-background-519x382.jpg 519w, https:\/\/www.tovenco.se\/wp-content\/uploads\/2025\/01\/splash-background-676x498.jpg 676w\" sizes=\"auto, (max-width: 1200px) 100vw, 1200px\" \/><div class=\"wp-block-cover__inner-container is-layout-constrained wp-block-cover-is-layout-constrained\">\n<p class=\"has-text-align-left is-style-heading-l\">Sweden&#8217;s widest range of kitchen hoods<\/p>\n\n\n\n<p class=\"is-style-paragraph-l has-text-secondary-color has-text-color has-link-color wp-elements-f37474f6aba08986dc2f6a51ac9315dc\">Order a cooker hood customized for your kitchen.<\/p>\n\n\n\n<div class=\"wp-block-buttons is-layout-flex wp-block-buttons-is-layout-flex\">\n<div class=\"wp-block-button is-style-fill\"><a class=\"wp-block-button__link wp-element-button\" href=\"https:\/\/www.tovenco.se\/produkter\/\">See our range<\/a><\/div>\n<\/div>\n<\/div><\/div>\n<\/div>\n<\/div><\/section>\n\n\n\t<section class=\"qt-section container-default latest-blogposts\">\n\t\t<div class=\"qt-section__inner grid grid-col-4\">\n\t\t\t<div class=\"qt-container is-horizontally-stretched\">\n\t\t\t\t<h2 class=\"wp-block-heading\">L\u00e4s de senaste blogginl\u00e4ggen<\/h2>\n\t\t\t\t<div class=\"wp-block-buttons\">\n\t\t\t\t\t<div class=\"wp-block-button is-style-button-only-text\">\n\t\t\t\t\t\t<a href=\"https:\/\/www.tovenco.se\/blogg\/\" class=\"wp-block-button__link\">\n\t\t\t\t\t\t\tSe all posts\t\t\t\t\t\t<\/a>\n\t\t\t\t\t<\/div>\n\t\t\t\t<\/div>\n\t\t\t<\/div>\n\t\t\t\n<div class=\"qt-container\">\n\t<a class=\"card card-blogpost\" href=\"https:\/\/www.tovenco.se\/en\/blogg\/view-an-integrated-cooker-hood-in-the-cooktop\/\" title=\"View &#8211; An integrated cooker hood in the cooktop\">\n\t\t<figure class=\"wp-block-image card-blogpost__image\">\n\t\t\t<img loading=\"lazy\" decoding=\"async\" width=\"1200\" height=\"675\" src=\"https:\/\/www.tovenco.se\/wp-content\/uploads\/2025\/03\/nyhet-produkt-view.jpg\" class=\"attachment-4-3-small size-4-3-small wp-post-image\" alt=\"K\u00f6ksfl\u00e4kt integrerad i spish\u00e4ll View\" \/>\t\t<figcaption><\/figcaption><\/figure>\n\t\t\n\t\t<div class=\"card-content\">\n\t\t\t<p class=\"card-blogpost__date\">13 Mar, 2025<\/p>\n\t\t\t<p class=\"card-blogpost__title is-style-heading-s\">View &#8211; An integrated cooker hood in the cooktop<\/p>\n\t\t<\/div>\n\t<\/a>\n<\/div>\n\n<div class=\"qt-container\">\n\t<a class=\"card card-blogpost\" href=\"https:\/\/www.tovenco.se\/en\/blogg\/hill-a-fan-of-both-tradition-and-modernity\/\" title=\"Hill &#8211; A fan of both tradition and modernity\">\n\t\t<figure class=\"wp-block-image card-blogpost__image\">\n\t\t\t<img loading=\"lazy\" decoding=\"async\" width=\"1200\" height=\"675\" src=\"https:\/\/www.tovenco.se\/wp-content\/uploads\/2025\/03\/nyhet-produkt-hill.jpg\" class=\"attachment-4-3-small size-4-3-small wp-post-image\" alt=\"K\u00f6ksfl\u00e4kt Hill\" \/>\t\t<figcaption><\/figcaption><\/figure>\n\t\t\n\t\t<div class=\"card-content\">\n\t\t\t<p class=\"card-blogpost__date\">13 Mar, 2025<\/p>\n\t\t\t<p class=\"card-blogpost__title is-style-heading-s\">Hill &#8211; A fan of both tradition and modernity<\/p>\n\t\t<\/div>\n\t<\/a>\n<\/div>\n\n<div class=\"qt-container\">\n\t<a class=\"card card-blogpost\" href=\"https:\/\/www.tovenco.se\/en\/blogg\/how-to-clean-your-cooker-hood-guide-for-grease-filters-and-carbon-filters\/\" title=\"How to clean your cooker hood &#8211; guide for grease filters and carbon filters\">\n\t\t<figure class=\"wp-block-image card-blogpost__image\">\n\t\t\t<img loading=\"lazy\" decoding=\"async\" width=\"800\" height=\"1000\" src=\"https:\/\/www.tovenco.se\/wp-content\/uploads\/2018\/08\/bar-bq-miljo.jpg\" class=\"attachment-4-3-small size-4-3-small wp-post-image\" alt=\"\" \/>\t\t<figcaption><\/figcaption><\/figure>\n\t\t\n\t\t<div class=\"card-content\">\n\t\t\t<p class=\"card-blogpost__date\">28 Jan, 2025<\/p>\n\t\t\t<p class=\"card-blogpost__title is-style-heading-s\">How to clean your cooker hood &#8211; guide for grease filters and carbon filters<\/p>\n\t\t<\/div>\n\t<\/a>\n<\/div>\n\n<div class=\"qt-container\">\n\t<a class=\"card card-blogpost\" href=\"https:\/\/www.tovenco.se\/en\/blogg\/quiet-kitchen-hoods-for-a-calm-and-comfortable-kitchen-environment\/\" title=\"Quiet kitchen hoods &#8211; for a calm and comfortable kitchen environment\">\n\t\t<figure class=\"wp-block-image card-blogpost__image\">\n\t\t\t<img loading=\"lazy\" decoding=\"async\" width=\"2560\" height=\"2077\" src=\"https:\/\/www.tovenco.se\/wp-content\/uploads\/2025\/03\/Miljo-MOD-1-Cottage-scaled.jpg\" class=\"attachment-4-3-small size-4-3-small wp-post-image\" alt=\"\" \/>\t\t<figcaption><\/figcaption><\/figure>\n\t\t\n\t\t<div class=\"card-content\">\n\t\t\t<p class=\"card-blogpost__date\">28 Jan, 2025<\/p>\n\t\t\t<p class=\"card-blogpost__title is-style-heading-s\">Quiet kitchen hoods &#8211; for a calm and comfortable kitchen environment<\/p>\n\t\t<\/div>\n\t<\/a>\n<\/div>\n\t\t<\/div>\n\t<\/section>\n\n\t\n","protected":false},"excerpt":{"rendered":"","protected":false},"author":1,"featured_media":0,"parent":12599,"menu_order":0,"comment_status":"closed","ping_status":"closed","template":"","meta":{"_acf_changed":false,"footnotes":""},"class_list":["post-12606","page","type-page","status-publish","hentry"],"acf":[],"_links":{"self":[{"href":"https:\/\/www.tovenco.se\/en\/wp-json\/wp\/v2\/pages\/12606","targetHints":{"allow":["GET"]}}],"collection":[{"href":"https:\/\/www.tovenco.se\/en\/wp-json\/wp\/v2\/pages"}],"about":[{"href":"https:\/\/www.tovenco.se\/en\/wp-json\/wp\/v2\/types\/page"}],"author":[{"embeddable":true,"href":"https:\/\/www.tovenco.se\/en\/wp-json\/wp\/v2\/users\/1"}],"replies":[{"embeddable":true,"href":"https:\/\/www.tovenco.se\/en\/wp-json\/wp\/v2\/comments?post=12606"}],"version-history":[{"count":1,"href":"https:\/\/www.tovenco.se\/en\/wp-json\/wp\/v2\/pages\/12606\/revisions"}],"predecessor-version":[{"id":12609,"href":"https:\/\/www.tovenco.se\/en\/wp-json\/wp\/v2\/pages\/12606\/revisions\/12609"}],"up":[{"embeddable":true,"href":"https:\/\/www.tovenco.se\/en\/wp-json\/wp\/v2\/pages\/12599"}],"wp:attachment":[{"href":"https:\/\/www.tovenco.se\/en\/wp-json\/wp\/v2\/media?parent=12606"}],"curies":[{"name":"wp","href":"https:\/\/api.w.org\/{rel}","templated":true}]}}