{"id":12584,"date":"2025-01-17T14:51:57","date_gmt":"2025-01-17T13:51:57","guid":{"rendered":"https:\/\/www.tovenco.se\/air-purification\/"},"modified":"2025-09-11T09:24:07","modified_gmt":"2025-09-11T07:24:07","slug":"air-purification","status":"publish","type":"page","link":"https:\/\/www.tovenco.se\/en\/air-purification\/","title":{"rendered":"TAPS UV purification with Ozone"},"content":{"rendered":"\n<section class=\"qt-section container-s\"><div class=\"qt-section__inner grid grid-col-1\">\n<div class=\"qt-container\">\n<h1 class=\"wp-block-heading\">TAPS system &#8211; Effective grease and odor removal for commercial kitchens<\/h1>\n\n\n\n<figure class=\"wp-block-image size-16-9-large is-style-aspect-ratio-landscape-wide\"><img loading=\"lazy\" decoding=\"async\" width=\"747\" height=\"498\" src=\"https:\/\/www.tovenco.se\/wp-content\/uploads\/2025\/03\/taps-systemet-storkok-747x498.jpg\" alt=\"TAPS system for commercial kitchen hoods\" class=\"wp-image-6035\" style=\"aspect-ratio:3\/2;object-fit:cover\" srcset=\"https:\/\/www.tovenco.se\/wp-content\/uploads\/2025\/03\/taps-systemet-storkok-747x498.jpg 747w, https:\/\/www.tovenco.se\/wp-content\/uploads\/2025\/03\/taps-systemet-storkok-600x400.jpg 600w, https:\/\/www.tovenco.se\/wp-content\/uploads\/2025\/03\/taps-systemet-storkok-300x200.jpg 300w, https:\/\/www.tovenco.se\/wp-content\/uploads\/2025\/03\/taps-systemet-storkok-768x512.jpg 768w, https:\/\/www.tovenco.se\/wp-content\/uploads\/2025\/03\/taps-systemet-storkok-462x308.jpg 462w, https:\/\/www.tovenco.se\/wp-content\/uploads\/2025\/03\/taps-systemet-storkok-592x395.jpg 592w, https:\/\/www.tovenco.se\/wp-content\/uploads\/2025\/03\/taps-systemet-storkok-622x415.jpg 622w, https:\/\/www.tovenco.se\/wp-content\/uploads\/2025\/03\/taps-systemet-storkok-426x284.jpg 426w, https:\/\/www.tovenco.se\/wp-content\/uploads\/2025\/03\/taps-systemet-storkok-573x382.jpg 573w, https:\/\/www.tovenco.se\/wp-content\/uploads\/2025\/03\/taps-systemet-storkok.jpg 900w\" sizes=\"auto, (max-width: 747px) 100vw, 747px\" \/><figcaption><\/figcaption><\/figure>\n\n\n\n<p>The Tovenco Air Purification System (TAPS) offers an effective solution to purify the air in kitchens and restaurants. Using advanced technology, it reduces up to 98% of odors while eliminating grease and other organics from the ventilation system. <\/p>\n\n\n\n<p>TAPS combines UV light and ozone to create a chemical-free and environmentally friendly purification process that leaves only clean air, carbon dioxide and water as by-products. It is an ideal solution for both small and large kitchens looking for energy-efficient and long-term methods to improve the working environment and reduce fire risk. <\/p>\n<\/div>\n<\/div><\/section>\n\n<section class=\"qt-section container-s\"><div class=\"qt-section__inner grid grid-col-1\">\n<div class=\"qt-container\">\n<div class=\"wp-block-cover\"><img loading=\"lazy\" decoding=\"async\" width=\"1200\" height=\"675\" class=\"wp-block-cover__image-background wp-image-908\" alt=\"M\u00f6rkbl\u00e5 och m\u00f6rkgr\u00f6n abstrakt bakgrundsbild\" src=\"https:\/\/www.tovenco.se\/wp-content\/uploads\/2025\/01\/splash-background-dark.jpg\" data-object-fit=\"cover\" srcset=\"https:\/\/www.tovenco.se\/wp-content\/uploads\/2025\/01\/splash-background-dark.jpg 1200w, https:\/\/www.tovenco.se\/wp-content\/uploads\/2025\/01\/splash-background-dark-600x338.jpg 600w, https:\/\/www.tovenco.se\/wp-content\/uploads\/2025\/01\/splash-background-dark-300x169.jpg 300w, https:\/\/www.tovenco.se\/wp-content\/uploads\/2025\/01\/splash-background-dark-768x432.jpg 768w, https:\/\/www.tovenco.se\/wp-content\/uploads\/2025\/01\/splash-background-dark-1024x576.jpg 1024w, https:\/\/www.tovenco.se\/wp-content\/uploads\/2025\/01\/splash-background-dark-462x260.jpg 462w, https:\/\/www.tovenco.se\/wp-content\/uploads\/2025\/01\/splash-background-dark-592x333.jpg 592w, https:\/\/www.tovenco.se\/wp-content\/uploads\/2025\/01\/splash-background-dark-622x350.jpg 622w, https:\/\/www.tovenco.se\/wp-content\/uploads\/2025\/01\/splash-background-dark-811x456.jpg 811w\" sizes=\"auto, (max-width: 1200px) 100vw, 1200px\" \/><span aria-hidden=\"true\" class=\"wp-block-cover__background has-background-dim-0 has-background-dim\"><\/span><div class=\"wp-block-cover__inner-container is-layout-constrained wp-block-cover-is-layout-constrained\">\n<p class=\"has-text-align-left is-style-heading-l has-text-inverted-color has-text-color has-link-color wp-elements-097928aeb4617a1edd7d50f47acf7f99\">Do you need help with air purification?<\/p>\n\n\n\n<p class=\"is-style-paragraph-l has-text-inverted-secondary-color has-text-color has-link-color wp-elements-a6bc150fff5385676317312c4a473b2e\">Discover our range of ozone generators.<\/p>\n\n\n\n<div class=\"wp-block-buttons is-layout-flex wp-block-buttons-is-layout-flex\">\n<div class=\"wp-block-button is-style-button-on-background\"><a class=\"wp-block-button__link wp-element-button\" href=\"https:\/\/www.tovenco.se\/en\/commercial-kitchen\/ozone-unit\/\">For ozone generators<\/a><\/div>\n<\/div>\n<\/div><\/div>\n<\/div>\n<\/div><\/section>\n\n<section class=\"qt-section container-s\"><div class=\"qt-section__inner grid grid-col-1\">\n<div class=\"qt-container\">\n<h2 class=\"wp-block-heading\">How the TAPS air treatment system works<\/h2>\n\n\n\n<p>The TAPS system is a holistic technological solution that uses UV light and ozone to treat air from grease and odors in commercial kitchen ventilation. It is a low-energy technology that reduces bacteria, viruses, grease and odors. The air-purifying effect is created by UV lamps installed in the air stream, where they activate a process that breaks down organic substances through photo-light oxidation. The UV light produces ozone, which chops off the protein chains, thereby allowing fats in the air to be oxidized. Harmless by-products such as carbon dioxide and water remain, as well as a small amount of polymerized fat, which leaves the channel in dust form. This makes the technology environmentally friendly, efficient and risk-free.     <br\/><br\/>UV light and ozone are well-known technologies that have long been used to improve air quality in environments with high cleanliness and safety requirements. They are used, for example, in food industries, fishing industries, wastewater treatment plants and similar areas where unpleasant odors need to be removed.  <\/p>\n\n\n\n<h3 class=\"wp-block-heading\"><strong>Key factors for optimal performance<\/strong><\/h3>\n\n\n\n<ul class=\"wp-block-list\">\n<li>UV cleaners should be installed as close to the stove equipment as possible to reduce grease and odors at the source. This reduces the accumulation of grease in the ducts and lowers the fire risk. <\/li>\n\n\n\n<li>For best effect, a low air velocity over the UV lamps is recommended, between 1-3 m\/second. This ensures that the exposure time of the air to the UV light is long enough for a complete oxidation process. <\/li>\n\n\n\n<li>For oxidation to be complete, a reaction time of at least 2 seconds is required after the air has passed the UV purifier. If the ducts are short, an extension may be needed to ensure sufficient volume and time for the process. <\/li>\n<\/ul>\n\n\n\n<div class=\"wp-block-buttons is-layout-flex wp-block-buttons-is-layout-flex\">\n<div class=\"wp-block-button is-style-button-only-text\"><a class=\"wp-block-button__link wp-element-button\" href=\"https:\/\/www.tovenco.se\/wp-content\/uploads\/2025\/06\/TAPS_NORDB12_V3_120307.pdf\" target=\"_blank\" rel=\"noreferrer noopener\">Read more in our brochure<\/a><\/div>\n<\/div>\n\n\n\n<figure class=\"wp-block-image size-16-9-large\"><img loading=\"lazy\" decoding=\"async\" width=\"754\" height=\"498\" src=\"https:\/\/www.tovenco.se\/wp-content\/uploads\/2025\/03\/tovenco_taps_air_purification_system-1-754x498.jpg\" alt=\"\" class=\"wp-image-6818\" style=\"aspect-ratio:3\/2;object-fit:cover\" srcset=\"https:\/\/www.tovenco.se\/wp-content\/uploads\/2025\/03\/tovenco_taps_air_purification_system-1-754x498.jpg 754w, https:\/\/www.tovenco.se\/wp-content\/uploads\/2025\/03\/tovenco_taps_air_purification_system-1-600x396.jpg 600w, https:\/\/www.tovenco.se\/wp-content\/uploads\/2025\/03\/tovenco_taps_air_purification_system-1-1024x676.jpg 1024w, https:\/\/www.tovenco.se\/wp-content\/uploads\/2025\/03\/tovenco_taps_air_purification_system-1-300x198.jpg 300w, https:\/\/www.tovenco.se\/wp-content\/uploads\/2025\/03\/tovenco_taps_air_purification_system-1-768x507.jpg 768w, https:\/\/www.tovenco.se\/wp-content\/uploads\/2025\/03\/tovenco_taps_air_purification_system-1-462x305.jpg 462w, https:\/\/www.tovenco.se\/wp-content\/uploads\/2025\/03\/tovenco_taps_air_purification_system-1-592x391.jpg 592w, https:\/\/www.tovenco.se\/wp-content\/uploads\/2025\/03\/tovenco_taps_air_purification_system-1-622x411.jpg 622w, https:\/\/www.tovenco.se\/wp-content\/uploads\/2025\/03\/tovenco_taps_air_purification_system-1-430x284.jpg 430w, https:\/\/www.tovenco.se\/wp-content\/uploads\/2025\/03\/tovenco_taps_air_purification_system-1-578x382.jpg 578w, https:\/\/www.tovenco.se\/wp-content\/uploads\/2025\/03\/tovenco_taps_air_purification_system-1.jpg 1494w\" sizes=\"auto, (max-width: 754px) 100vw, 754px\" \/><figcaption><\/figcaption><\/figure>\n\n\n\n<h2 class=\"wp-block-heading\"><strong>Who is the TAPS system suitable for?<\/strong><\/h2>\n\n\n\n<p>The TAPS system is a versatile and sustainable air cleaning solution suitable for both new build and existing facilities. With its robust and smart design, TAPS is adaptable to a range of environments, from small restaurant kitchens to large food industries and public facilities. Our UV purification technology is used today in public environments, restaurants, food industries, wastewater treatment plants and the like where you want to remove unpleasant odors.  <\/p>\n\n\n\n<p>The system is based on specially designed ventilation ducts combined with a unique air control unit and proprietary hoods, designed to meet the highest safety and hygiene requirements. The UV lamps are mounted in stainless steel frames, facilitating service and maintenance. For sensitive environments, such as residential areas or nearby air intakes, a carbon filter solution can be installed before the exhaust to eliminate odors almost completely.  <\/p>\n\n\n\n<p>The TAPS system is not only efficient but also energy efficient. By integrating the system with heat recovery solutions, it can contribute to significant energy savings. The technology does not require any chemical additives, making it both environmentally friendly and safe for use in kitchens with high demands.  <\/p>\n\n\n\n<div class=\"wp-block-buttons is-layout-flex wp-block-buttons-is-layout-flex\">\n<div class=\"wp-block-button is-style-button-only-text\"><a class=\"wp-block-button__link wp-element-button\" href=\"https:\/\/www.tovenco.se\/en\/contact-us\/\">Contact us for more information<\/a><\/div>\n<\/div>\n<\/div>\n<\/div><\/section>\n","protected":false},"excerpt":{"rendered":"","protected":false},"author":1,"featured_media":0,"parent":0,"menu_order":0,"comment_status":"closed","ping_status":"closed","template":"page-dark","meta":{"_acf_changed":false,"footnotes":""},"class_list":["post-12584","page","type-page","status-publish","hentry"],"acf":[],"_links":{"self":[{"href":"https:\/\/www.tovenco.se\/en\/wp-json\/wp\/v2\/pages\/12584","targetHints":{"allow":["GET"]}}],"collection":[{"href":"https:\/\/www.tovenco.se\/en\/wp-json\/wp\/v2\/pages"}],"about":[{"href":"https:\/\/www.tovenco.se\/en\/wp-json\/wp\/v2\/types\/page"}],"author":[{"embeddable":true,"href":"https:\/\/www.tovenco.se\/en\/wp-json\/wp\/v2\/users\/1"}],"replies":[{"embeddable":true,"href":"https:\/\/www.tovenco.se\/en\/wp-json\/wp\/v2\/comments?post=12584"}],"version-history":[{"count":4,"href":"https:\/\/www.tovenco.se\/en\/wp-json\/wp\/v2\/pages\/12584\/revisions"}],"predecessor-version":[{"id":17914,"href":"https:\/\/www.tovenco.se\/en\/wp-json\/wp\/v2\/pages\/12584\/revisions\/17914"}],"wp:attachment":[{"href":"https:\/\/www.tovenco.se\/en\/wp-json\/wp\/v2\/media?parent=12584"}],"curies":[{"name":"wp","href":"https:\/\/api.w.org\/{rel}","templated":true}]}}