{"id":12580,"date":"2025-01-17T14:45:35","date_gmt":"2025-01-17T13:45:35","guid":{"rendered":"https:\/\/www.tovenco.se\/firefighting\/"},"modified":"2025-07-03T14:02:33","modified_gmt":"2025-07-03T12:02:33","slug":"firefighting","status":"publish","type":"page","link":"https:\/\/www.tovenco.se\/en\/commercial-kitchen\/firefighting\/","title":{"rendered":"Firefighting"},"content":{"rendered":"\n<section class=\"qt-section container-s\"><div class=\"qt-section__inner grid grid-col-1\">\n<div class=\"qt-container\">\n<h1 class=\"wp-block-heading\">Firefighting<\/h1>\n\n\n\n<figure class=\"wp-block-image size-16-9-large\"><img loading=\"lazy\" decoding=\"async\" width=\"811\" height=\"417\" src=\"https:\/\/www.tovenco.se\/wp-content\/uploads\/2025\/03\/iStock-1764316819-811x417.jpg\" alt=\"\" class=\"wp-image-6810\" style=\"aspect-ratio:3\/2;object-fit:cover\" srcset=\"https:\/\/www.tovenco.se\/wp-content\/uploads\/2025\/03\/iStock-1764316819-811x417.jpg 811w, https:\/\/www.tovenco.se\/wp-content\/uploads\/2025\/03\/iStock-1764316819-600x308.jpg 600w, https:\/\/www.tovenco.se\/wp-content\/uploads\/2025\/03\/iStock-1764316819-1024x526.jpg 1024w, https:\/\/www.tovenco.se\/wp-content\/uploads\/2025\/03\/iStock-1764316819-300x154.jpg 300w, https:\/\/www.tovenco.se\/wp-content\/uploads\/2025\/03\/iStock-1764316819-768x395.jpg 768w, https:\/\/www.tovenco.se\/wp-content\/uploads\/2025\/03\/iStock-1764316819-1536x790.jpg 1536w, https:\/\/www.tovenco.se\/wp-content\/uploads\/2025\/03\/iStock-1764316819-2048x1053.jpg 2048w, https:\/\/www.tovenco.se\/wp-content\/uploads\/2025\/03\/iStock-1764316819-462x237.jpg 462w, https:\/\/www.tovenco.se\/wp-content\/uploads\/2025\/03\/iStock-1764316819-592x304.jpg 592w, https:\/\/www.tovenco.se\/wp-content\/uploads\/2025\/03\/iStock-1764316819-622x320.jpg 622w\" sizes=\"auto, (max-width: 811px) 100vw, 811px\" \/><figcaption><\/figcaption><\/figure>\n\n\n\n<h2 class=\"wp-block-heading\">Fire protection products &#8211; Ansulex<\/h2>\n\n\n\n<p>Ansulex is specially designed for fire fighting in the kitchen environment. Ansulex is a liquid that emulsifies and forms a dense foam on contact with grease. The effective foam layer quickly smothers the fire and prevents re-ignition. Because the liquid foams on contact with the hot grease, it does not burn, and cleaning can then be done with hot water and ordinary detergent. The system works independently of water or electricity supply.    <\/p>\n\n\n\n<div class=\"wp-block-buttons is-layout-flex wp-block-buttons-is-layout-flex\">\n<div class=\"wp-block-button is-style-button-only-text\"><a class=\"wp-block-button__link wp-element-button\" href=\"\/wp-content\/uploads\/2025\/01\/brandbekampning-ansulex.pdf\" target=\"_blank\" rel=\"noreferrer noopener\">Download product sheet<\/a><\/div>\n<\/div>\n<\/div>\n<\/div><\/section>\n\n<section class=\"qt-section container-s\"><div class=\"qt-section__inner grid grid-col-1\">\n<div class=\"qt-container\">\n<div class=\"wp-block-cover\"><span aria-hidden=\"true\" class=\"wp-block-cover__background has-background-dim-0 has-background-dim\"><\/span><img decoding=\"async\" class=\"wp-block-cover__image-background wp-image-745\" alt=\"M\u00f6rkbl\u00e5 och m\u00f6rkgr\u00f6n abstrakt bakgrundsbild\" src=\"https:\/\/www.tovenco.se\/wp-content\/uploads\/2025\/01\/splash-background-dark.jpg\" data-object-fit=\"cover\"\/><div class=\"wp-block-cover__inner-container is-layout-constrained wp-block-cover-is-layout-constrained\">\n<p class=\"has-text-align-left is-style-heading-l has-text-inverted-color has-text-color has-link-color wp-elements-761ae24209108998f0d1e90ed2466950\">Want to know more about firefighting with Ansulex?<\/p>\n\n\n\n<p class=\"is-style-paragraph-l has-text-inverted-secondary-color has-text-color has-link-color wp-elements-bf51c61b16d264c5d8e0c718b2108840\">Book a meeting now and we&#8217;ll tell you more.<\/p>\n\n\n\n<div class=\"wp-block-buttons is-layout-flex wp-block-buttons-is-layout-flex\">\n<div class=\"wp-block-button is-style-button-secondary\"><a class=\"wp-block-button__link wp-element-button\" href=\"https:\/\/www.tovenco.se\/en\/contact-us\/\">Contact us for more information<\/a><\/div>\n<\/div>\n<\/div><\/div>\n<\/div>\n<\/div><\/section>\n","protected":false},"excerpt":{"rendered":"","protected":false},"author":1,"featured_media":0,"parent":12607,"menu_order":0,"comment_status":"closed","ping_status":"closed","template":"page-dark","meta":{"_acf_changed":false,"footnotes":""},"class_list":["post-12580","page","type-page","status-publish","hentry"],"acf":[],"_links":{"self":[{"href":"https:\/\/www.tovenco.se\/en\/wp-json\/wp\/v2\/pages\/12580","targetHints":{"allow":["GET"]}}],"collection":[{"href":"https:\/\/www.tovenco.se\/en\/wp-json\/wp\/v2\/pages"}],"about":[{"href":"https:\/\/www.tovenco.se\/en\/wp-json\/wp\/v2\/types\/page"}],"author":[{"embeddable":true,"href":"https:\/\/www.tovenco.se\/en\/wp-json\/wp\/v2\/users\/1"}],"replies":[{"embeddable":true,"href":"https:\/\/www.tovenco.se\/en\/wp-json\/wp\/v2\/comments?post=12580"}],"version-history":[{"count":2,"href":"https:\/\/www.tovenco.se\/en\/wp-json\/wp\/v2\/pages\/12580\/revisions"}],"predecessor-version":[{"id":12590,"href":"https:\/\/www.tovenco.se\/en\/wp-json\/wp\/v2\/pages\/12580\/revisions\/12590"}],"up":[{"embeddable":true,"href":"https:\/\/www.tovenco.se\/en\/wp-json\/wp\/v2\/pages\/12607"}],"wp:attachment":[{"href":"https:\/\/www.tovenco.se\/en\/wp-json\/wp\/v2\/media?parent=12580"}],"curies":[{"name":"wp","href":"https:\/\/api.w.org\/{rel}","templated":true}]}}